{"id":116038,"date":"2025-06-10T14:20:16","date_gmt":"2025-06-10T11:20:16","guid":{"rendered":"https:\/\/web-support.eu\/web2print\/product\/81001-pix-cu-varf-tactil-din-aluminiu\/"},"modified":"2025-12-10T10:36:01","modified_gmt":"2025-12-10T08:36:01","slug":"81001-pix-cu-varf-tactil-din-aluminiu","status":"publish","type":"product","link":"https:\/\/web2print.ro\/shop\/81001-pix-cu-varf-tactil-din-aluminiu\/","title":{"rendered":"Pix cu v\u00e2rf tactil din aluminiu personalizat"},"content":{"rendered":"<p>Pix din aluminiu, avangardist, ergonomic, cu finisaj mat lucios. Pixul are un mecanism twist \u0219i un v\u00e2rf tactil din silicon. Min\u0103 metalic\u0103 \u0219i cerneal\u0103 neagr\u0103 Dokumental\u00ae. Livrat \u00eentr-o cutie cadou. \u00f810 x 138 mm | Cutie: 55 x 30 x 190 mm.<\/p>\n<table>\n<tr>\n<td><strong>Exterior box (m):<\/strong><\/td>\n<td>0.330X0.300X0.420<\/td>\n<\/tr>\n<tr>\n<td><strong>Box weight (Kg.):<\/strong><\/td>\n<td>6<\/td>\n<\/tr>\n<tr>\n<td><strong>Exterior box (Pc.):<\/strong><\/td>\n<td>100<\/td>\n<\/tr>\n<tr>\n<td><strong>Interior box (Pc.):<\/strong><\/td>\n<td>25<\/td>\n<\/tr>\n<tr>\n<td><strong>Taric:<\/strong><\/td>\n<td>9608109900<\/td>\n<\/tr>\n<tr>\n<td><strong>Country of Origin:<\/strong><\/td>\n<td>China<\/td>\n<\/tr>\n<tr>\n<td><strong>Individual packing:<\/strong><\/td>\n<td>Polybag, Gift box<\/td>\n<\/tr>\n<tr>\n<td><strong>Packing after Printing:<\/strong><\/td>\n<td>Without individual polybag, Gift box<\/td>\n<\/tr>\n<tr>\n<td><strong>Certificates:<\/strong><\/td>\n<td>MSDS, REACH<\/td>\n<\/tr>\n<\/table>\n","protected":false},"excerpt":{"rendered":"<p>Pix avangardist, ergonomic, din aluminiu, cu un finisaj mat lucios. Pixul are un mecanism de r\u0103sucire \u0219i un v\u00e2rf tactil din silicon. Refill metalic \u0219i cerneal\u0103 neagr\u0103 Dokumental\u00ae. Livrat \u00eentr-o cutie cadou<\/p>\n","protected":false},"featured_media":47025,"comment_status":"closed","ping_status":"open","template":"","meta":{"_joinchat":[]},"product_brand":[2753],"product_cat":[3063],"product_tag":[],"class_list":{"0":"post-116038","1":"product","2":"type-product","3":"status-publish","4":"has-post-thumbnail","6":"product_brand-hidea-ro","7":"product_cat-writing-tools","9":"first","10":"instock","11":"taxable","12":"shipping-taxable","13":"purchasable","14":"product-type-variable"},"_links":{"self":[{"href":"https:\/\/web2print.ro\/shop\/wp-json\/wp\/v2\/product\/116038","targetHints":{"allow":["GET"]}}],"collection":[{"href":"https:\/\/web2print.ro\/shop\/wp-json\/wp\/v2\/product"}],"about":[{"href":"https:\/\/web2print.ro\/shop\/wp-json\/wp\/v2\/types\/product"}],"replies":[{"embeddable":true,"href":"https:\/\/web2print.ro\/shop\/wp-json\/wp\/v2\/comments?post=116038"}],"wp:featuredmedia":[{"embeddable":true,"href":"https:\/\/web2print.ro\/shop\/wp-json\/wp\/v2\/media\/47025"}],"wp:attachment":[{"href":"https:\/\/web2print.ro\/shop\/wp-json\/wp\/v2\/media?parent=116038"}],"wp:term":[{"taxonomy":"product_brand","embeddable":true,"href":"https:\/\/web2print.ro\/shop\/wp-json\/wp\/v2\/product_brand?post=116038"},{"taxonomy":"product_cat","embeddable":true,"href":"https:\/\/web2print.ro\/shop\/wp-json\/wp\/v2\/product_cat?post=116038"},{"taxonomy":"product_tag","embeddable":true,"href":"https:\/\/web2print.ro\/shop\/wp-json\/wp\/v2\/product_tag?post=116038"}],"curies":[{"name":"wp","href":"https:\/\/api.w.org\/{rel}","templated":true}]}}