{"id":116050,"date":"2025-06-10T14:20:15","date_gmt":"2025-06-10T11:20:15","guid":{"rendered":"https:\/\/web-support.eu\/web2print\/product\/kuma-pix-din-bambus-cu-clip-prindere-antiderapanta\/"},"modified":"2025-12-10T10:36:09","modified_gmt":"2025-12-10T08:36:09","slug":"kuma-pix-din-bambus-cu-clip-prindere-antiderapanta","status":"publish","type":"product","link":"https:\/\/web2print.ro\/shop\/kuma-pix-din-bambus-cu-clip-prindere-antiderapanta\/","title":{"rendered":"KUMA. Pix din bambus cu clip, prindere antiderapant\u0103 personalizat"},"content":{"rendered":"<p>Pix din bambus cu grip anti-alunecare \u0219i ornamente din fibr\u0103 de gr\u00e2u \u0219i ABS. Cerneal\u0103 albastr\u0103. Deoarece produsul este fabricat din materiale naturale, culoarea \u0219i rezultatul imprim\u0103rii pot varia \u00eentre produse. \u00f811 x 142 mm.<\/p>\n<table>\n<tr>\n<td><strong>Exterior box (m):<\/strong><\/td>\n<td>0.450X0.190X0.310<\/td>\n<\/tr>\n<tr>\n<td><strong>Box weight (Kg.):<\/strong><\/td>\n<td>9.9<\/td>\n<\/tr>\n<tr>\n<td><strong>Exterior box (Pc.):<\/strong><\/td>\n<td>1000<\/td>\n<\/tr>\n<tr>\n<td><strong>Interior box (Pc.):<\/strong><\/td>\n<td>50<\/td>\n<\/tr>\n<tr>\n<td><strong>Taric:<\/strong><\/td>\n<td>9608109900<\/td>\n<\/tr>\n<tr>\n<td><strong>Country of Origin:<\/strong><\/td>\n<td>China<\/td>\n<\/tr>\n<tr>\n<td><strong>Certificates:<\/strong><\/td>\n<td>MSDS, REACH<\/td>\n<\/tr>\n<\/table>\n","protected":false},"excerpt":{"rendered":"<p>Pix din bambus cu clip, prindere antiderapant\u0103 \u0219i elemente colorate din fibr\u0103 de gr\u00e2u \u0219i ABS. Deoarece produsul este fabricat din materiale naturale, culoarea \u0219i precum \u0219i rezultatul printului pot varia de la un produs la altul<\/p>\n","protected":false},"featured_media":47103,"comment_status":"closed","ping_status":"open","template":"","meta":{"_joinchat":[]},"product_brand":[2753],"product_cat":[3063],"product_tag":[],"class_list":{"0":"post-116050","1":"product","2":"type-product","3":"status-publish","4":"has-post-thumbnail","6":"product_brand-hidea-ro","7":"product_cat-writing-tools","9":"first","10":"instock","11":"taxable","12":"shipping-taxable","13":"purchasable","14":"product-type-variable"},"_links":{"self":[{"href":"https:\/\/web2print.ro\/shop\/wp-json\/wp\/v2\/product\/116050","targetHints":{"allow":["GET"]}}],"collection":[{"href":"https:\/\/web2print.ro\/shop\/wp-json\/wp\/v2\/product"}],"about":[{"href":"https:\/\/web2print.ro\/shop\/wp-json\/wp\/v2\/types\/product"}],"replies":[{"embeddable":true,"href":"https:\/\/web2print.ro\/shop\/wp-json\/wp\/v2\/comments?post=116050"}],"wp:featuredmedia":[{"embeddable":true,"href":"https:\/\/web2print.ro\/shop\/wp-json\/wp\/v2\/media\/47103"}],"wp:attachment":[{"href":"https:\/\/web2print.ro\/shop\/wp-json\/wp\/v2\/media?parent=116050"}],"wp:term":[{"taxonomy":"product_brand","embeddable":true,"href":"https:\/\/web2print.ro\/shop\/wp-json\/wp\/v2\/product_brand?post=116050"},{"taxonomy":"product_cat","embeddable":true,"href":"https:\/\/web2print.ro\/shop\/wp-json\/wp\/v2\/product_cat?post=116050"},{"taxonomy":"product_tag","embeddable":true,"href":"https:\/\/web2print.ro\/shop\/wp-json\/wp\/v2\/product_tag?post=116050"}],"curies":[{"name":"wp","href":"https:\/\/api.w.org\/{rel}","templated":true}]}}