{"id":116060,"date":"2025-06-10T14:20:15","date_gmt":"2025-06-10T11:20:15","guid":{"rendered":"https:\/\/web-support.eu\/web2print\/product\/boop-pix-cu-mecanism-de-rasucire\/"},"modified":"2025-12-10T10:36:06","modified_gmt":"2025-12-10T08:36:06","slug":"boop-pix-cu-mecanism-de-rasucire","status":"publish","type":"product","link":"https:\/\/web2print.ro\/shop\/boop-pix-cu-mecanism-de-rasucire\/","title":{"rendered":"BOOP. Pix cu mecanism de r\u0103sucire personalizat"},"content":{"rendered":"<p>Pix din ABS cu clem\u0103 \u0219i mecanism twist. Cerneal\u0103 albastr\u0103. \u00f811 x 147 mm.<\/p>\n<table>\n<tr>\n<td><strong>Exterior box (m):<\/strong><\/td>\n<td>0.530X0.320X0.220<\/td>\n<\/tr>\n<tr>\n<td><strong>Box weight (Kg.):<\/strong><\/td>\n<td>12<\/td>\n<\/tr>\n<tr>\n<td><strong>Exterior box (Pc.):<\/strong><\/td>\n<td>1000<\/td>\n<\/tr>\n<tr>\n<td><strong>Interior box (Pc.):<\/strong><\/td>\n<td>50<\/td>\n<\/tr>\n<tr>\n<td><strong>Taric:<\/strong><\/td>\n<td>9608109900<\/td>\n<\/tr>\n<tr>\n<td><strong>Country of Origin:<\/strong><\/td>\n<td>China<\/td>\n<\/tr>\n<tr>\n<td><strong>Certificates:<\/strong><\/td>\n<td>MSDS, REACH<\/td>\n<\/tr>\n<\/table>\n","protected":false},"excerpt":{"rendered":"<p>Pix ABS cu clip si mecanism de r\u0103sucire<\/p>\n","protected":false},"featured_media":47162,"comment_status":"closed","ping_status":"open","template":"","meta":{"_joinchat":[]},"product_brand":[2753],"product_cat":[3063],"product_tag":[],"class_list":{"0":"post-116060","1":"product","2":"type-product","3":"status-publish","4":"has-post-thumbnail","6":"product_brand-hidea-ro","7":"product_cat-writing-tools","9":"first","10":"instock","11":"taxable","12":"shipping-taxable","13":"purchasable","14":"product-type-variable"},"_links":{"self":[{"href":"https:\/\/web2print.ro\/shop\/wp-json\/wp\/v2\/product\/116060","targetHints":{"allow":["GET"]}}],"collection":[{"href":"https:\/\/web2print.ro\/shop\/wp-json\/wp\/v2\/product"}],"about":[{"href":"https:\/\/web2print.ro\/shop\/wp-json\/wp\/v2\/types\/product"}],"replies":[{"embeddable":true,"href":"https:\/\/web2print.ro\/shop\/wp-json\/wp\/v2\/comments?post=116060"}],"wp:featuredmedia":[{"embeddable":true,"href":"https:\/\/web2print.ro\/shop\/wp-json\/wp\/v2\/media\/47162"}],"wp:attachment":[{"href":"https:\/\/web2print.ro\/shop\/wp-json\/wp\/v2\/media?parent=116060"}],"wp:term":[{"taxonomy":"product_brand","embeddable":true,"href":"https:\/\/web2print.ro\/shop\/wp-json\/wp\/v2\/product_brand?post=116060"},{"taxonomy":"product_cat","embeddable":true,"href":"https:\/\/web2print.ro\/shop\/wp-json\/wp\/v2\/product_cat?post=116060"},{"taxonomy":"product_tag","embeddable":true,"href":"https:\/\/web2print.ro\/shop\/wp-json\/wp\/v2\/product_tag?post=116060"}],"curies":[{"name":"wp","href":"https:\/\/api.w.org\/{rel}","templated":true}]}}