{"id":116122,"date":"2025-06-09T15:29:18","date_gmt":"2025-06-09T12:29:18","guid":{"rendered":"https:\/\/web-support.eu\/web2print\/product\/daney-roler-de-aluminiu\/"},"modified":"2026-05-07T01:43:11","modified_gmt":"2026-05-06T22:43:11","slug":"daney-roler-de-aluminiu","status":"publish","type":"product","link":"https:\/\/web2print.ro\/shop\/daney-roler-de-aluminiu\/","title":{"rendered":"Caserol\u0103 din aluminiu personalizat\u0103"},"content":{"rendered":"<p>Cutie pentru pr\u00e2nz ecologic\u0103 din aluminiu cu capacitate de 1000ml, cu cleme pentru \u00eenchidere sigur\u0103. Ideal\u0103 pentru gust\u0103ri \u0219i m\u00e2ncare.<\/p>\n<p>Dimensiune: 17,2 \u00d7 11,6 \u00d7 5,3 cm<\/p>\n<p>Greutate:\u00a00.225<\/p>\n<p>Origine: CN<\/p>\n<p>Tariff:\u00a076151080<\/p>\n","protected":false},"excerpt":{"rendered":"<p>Roler din aluminiu cu clip<\/p>\n","protected":false},"featured_media":128972,"comment_status":"closed","ping_status":"open","template":"","meta":{"_joinchat":[]},"product_brand":[2753],"product_cat":[3063],"product_tag":[],"class_list":{"0":"post-116122","1":"product","2":"type-product","3":"status-publish","4":"has-post-thumbnail","6":"product_brand-hidea-ro","7":"product_cat-writing-tools","9":"first","10":"instock","11":"taxable","12":"shipping-taxable","13":"purchasable","14":"product-type-variable"},"_links":{"self":[{"href":"https:\/\/web2print.ro\/shop\/wp-json\/wp\/v2\/product\/116122","targetHints":{"allow":["GET"]}}],"collection":[{"href":"https:\/\/web2print.ro\/shop\/wp-json\/wp\/v2\/product"}],"about":[{"href":"https:\/\/web2print.ro\/shop\/wp-json\/wp\/v2\/types\/product"}],"replies":[{"embeddable":true,"href":"https:\/\/web2print.ro\/shop\/wp-json\/wp\/v2\/comments?post=116122"}],"wp:featuredmedia":[{"embeddable":true,"href":"https:\/\/web2print.ro\/shop\/wp-json\/wp\/v2\/media\/128972"}],"wp:attachment":[{"href":"https:\/\/web2print.ro\/shop\/wp-json\/wp\/v2\/media?parent=116122"}],"wp:term":[{"taxonomy":"product_brand","embeddable":true,"href":"https:\/\/web2print.ro\/shop\/wp-json\/wp\/v2\/product_brand?post=116122"},{"taxonomy":"product_cat","embeddable":true,"href":"https:\/\/web2print.ro\/shop\/wp-json\/wp\/v2\/product_cat?post=116122"},{"taxonomy":"product_tag","embeddable":true,"href":"https:\/\/web2print.ro\/shop\/wp-json\/wp\/v2\/product_tag?post=116122"}],"curies":[{"name":"wp","href":"https:\/\/api.w.org\/{rel}","templated":true}]}}