{"id":116160,"date":"2025-06-10T14:20:11","date_gmt":"2025-06-10T11:20:11","guid":{"rendered":"https:\/\/web-support.eu\/web2print\/product\/beta-bk-pix-din-aluminiu\/"},"modified":"2026-05-07T01:49:04","modified_gmt":"2026-05-06T22:49:04","slug":"beta-bk-pix-din-aluminiu","status":"publish","type":"product","link":"https:\/\/web2print.ro\/shop\/beta-bk-pix-din-aluminiu\/","title":{"rendered":"BETA BK. Pix din aluminiu personalizat"},"content":{"rendered":"<p>Pix din aluminiu cu clem\u0103 \u0219i finisaj metalic, disponibil \u00een diverse culori. Cerneal\u0103 neagr\u0103. \u00f810 x 137 mm.<\/p>\n<table>\n<tr>\n<td><strong>Exterior box (m):<\/strong><\/td>\n<td>0.320X0.270X0.150<\/td>\n<\/tr>\n<tr>\n<td><strong>Box weight (Kg.):<\/strong><\/td>\n<td>8<\/td>\n<\/tr>\n<tr>\n<td><strong>Exterior box (Pc.):<\/strong><\/td>\n<td>500<\/td>\n<\/tr>\n<tr>\n<td><strong>Interior box (Pc.):<\/strong><\/td>\n<td>50<\/td>\n<\/tr>\n<tr>\n<td><strong>Taric:<\/strong><\/td>\n<td>9608109900<\/td>\n<\/tr>\n<tr>\n<td><strong>Country of Origin:<\/strong><\/td>\n<td>China<\/td>\n<\/tr>\n<tr>\n<td><strong>Individual packing:<\/strong><\/td>\n<td>Polybag<\/td>\n<\/tr>\n<tr>\n<td><strong>Packing after Printing:<\/strong><\/td>\n<td>Polybag  LSR &#8211; Without polybag<\/td>\n<\/tr>\n<tr>\n<td><strong>Certificates:<\/strong><\/td>\n<td>MSDS, REACH<\/td>\n<\/tr>\n<\/table>\n","protected":false},"excerpt":{"rendered":"<p>Pix din aluminiu cu clip \u0219i finisaj metalic. Disponibil \u00eentr-o gam\u0103 larg\u0103 de culori. Cerneal\u0103 neagr\u0103<\/p>\n","protected":false},"featured_media":47631,"comment_status":"closed","ping_status":"open","template":"","meta":{"_joinchat":[]},"product_brand":[2753],"product_cat":[3063],"product_tag":[],"class_list":{"0":"post-116160","1":"product","2":"type-product","3":"status-publish","4":"has-post-thumbnail","6":"product_brand-hidea-ro","7":"product_cat-writing-tools","9":"first","10":"instock","11":"taxable","12":"shipping-taxable","13":"purchasable","14":"product-type-variable"},"_links":{"self":[{"href":"https:\/\/web2print.ro\/shop\/wp-json\/wp\/v2\/product\/116160","targetHints":{"allow":["GET"]}}],"collection":[{"href":"https:\/\/web2print.ro\/shop\/wp-json\/wp\/v2\/product"}],"about":[{"href":"https:\/\/web2print.ro\/shop\/wp-json\/wp\/v2\/types\/product"}],"replies":[{"embeddable":true,"href":"https:\/\/web2print.ro\/shop\/wp-json\/wp\/v2\/comments?post=116160"}],"wp:featuredmedia":[{"embeddable":true,"href":"https:\/\/web2print.ro\/shop\/wp-json\/wp\/v2\/media\/47631"}],"wp:attachment":[{"href":"https:\/\/web2print.ro\/shop\/wp-json\/wp\/v2\/media?parent=116160"}],"wp:term":[{"taxonomy":"product_brand","embeddable":true,"href":"https:\/\/web2print.ro\/shop\/wp-json\/wp\/v2\/product_brand?post=116160"},{"taxonomy":"product_cat","embeddable":true,"href":"https:\/\/web2print.ro\/shop\/wp-json\/wp\/v2\/product_cat?post=116160"},{"taxonomy":"product_tag","embeddable":true,"href":"https:\/\/web2print.ro\/shop\/wp-json\/wp\/v2\/product_tag?post=116160"}],"curies":[{"name":"wp","href":"https:\/\/api.w.org\/{rel}","templated":true}]}}