{"id":116190,"date":"2025-06-10T14:20:11","date_gmt":"2025-06-10T11:20:11","guid":{"rendered":"https:\/\/web-support.eu\/web2print\/product\/multis-pix-multifunctional-cu-scris-3-in-1\/"},"modified":"2026-05-07T01:53:06","modified_gmt":"2026-05-06T22:53:06","slug":"multis-pix-multifunctional-cu-scris-3-in-1","status":"publish","type":"product","link":"https:\/\/web2print.ro\/shop\/multis-pix-multifunctional-cu-scris-3-in-1\/","title":{"rendered":"MULTIS. Pix multifunc\u021bional cu scris 3 \u00een 1 personalizat"},"content":{"rendered":"<p>Pix din ABS multicolor 3 \u00een 1 cu prindere antiderapant\u0103 \u0219i v\u00e2rf touch. Cerneal\u0103 albastr\u0103, ro\u0219ie \u0219i neagr\u0103. \u00f810 x 148\u00a0mm<\/p>\n<table>\n<tr>\n<td><strong>Exterior cutie (m):<\/strong><\/td>\n<td>0.420X0.340X0.200<\/td>\n<\/tr>\n<tr>\n<td><strong>Greutate cutie (Kg.):<\/strong><\/td>\n<td>10.6<\/td>\n<\/tr>\n<tr>\n<td><strong>Exterior cutie (Pc.):<\/strong><\/td>\n<td>1000<\/td>\n<\/tr>\n<tr>\n<td><strong>Interior cutie (Pc.):<\/strong><\/td>\n<td>50<\/td>\n<\/tr>\n<tr>\n<td><strong>Taric:<\/strong><\/td>\n<td>9608109900<\/td>\n<\/tr>\n<tr>\n<td><strong>\u021aara de origine:<\/strong><\/td>\n<td>China<\/td>\n<\/tr>\n<tr>\n<td><strong>Certificate:<\/strong><\/td>\n<td>MSDS, REACH<\/td>\n<\/tr>\n<\/table>\n","protected":false},"excerpt":{"rendered":"<p>Pix din ABS multicolor 3 \u00een 1 cu prindere antiderapant\u0103 \u0219i v\u00e2rf touch. Cerneal\u0103 albastr\u0103, ro\u0219ie \u0219i neagr\u0103<\/p>\n","protected":false},"featured_media":47754,"comment_status":"closed","ping_status":"open","template":"","meta":{"_joinchat":[]},"product_brand":[2753],"product_cat":[3063],"product_tag":[],"class_list":{"0":"post-116190","1":"product","2":"type-product","3":"status-publish","4":"has-post-thumbnail","6":"product_brand-hidea-ro","7":"product_cat-writing-tools","8":"pa_culoare-albastru-royal","9":"pa_culoare-argintiu-satinat","10":"pa_culoare-negru","12":"first","13":"instock","14":"purchasable","15":"product-type-variable"},"_links":{"self":[{"href":"https:\/\/web2print.ro\/shop\/wp-json\/wp\/v2\/product\/116190","targetHints":{"allow":["GET"]}}],"collection":[{"href":"https:\/\/web2print.ro\/shop\/wp-json\/wp\/v2\/product"}],"about":[{"href":"https:\/\/web2print.ro\/shop\/wp-json\/wp\/v2\/types\/product"}],"replies":[{"embeddable":true,"href":"https:\/\/web2print.ro\/shop\/wp-json\/wp\/v2\/comments?post=116190"}],"wp:featuredmedia":[{"embeddable":true,"href":"https:\/\/web2print.ro\/shop\/wp-json\/wp\/v2\/media\/47754"}],"wp:attachment":[{"href":"https:\/\/web2print.ro\/shop\/wp-json\/wp\/v2\/media?parent=116190"}],"wp:term":[{"taxonomy":"product_brand","embeddable":true,"href":"https:\/\/web2print.ro\/shop\/wp-json\/wp\/v2\/product_brand?post=116190"},{"taxonomy":"product_cat","embeddable":true,"href":"https:\/\/web2print.ro\/shop\/wp-json\/wp\/v2\/product_cat?post=116190"},{"taxonomy":"product_tag","embeddable":true,"href":"https:\/\/web2print.ro\/shop\/wp-json\/wp\/v2\/product_tag?post=116190"}],"curies":[{"name":"wp","href":"https:\/\/api.w.org\/{rel}","templated":true}]}}