{"id":256823,"date":"2025-06-06T12:09:08","date_gmt":"2025-06-06T09:09:08","guid":{"rendered":"https:\/\/localhost\/web2print\/product\/clipboard-a4-din-bambus\/"},"modified":"2025-12-10T10:23:45","modified_gmt":"2025-12-10T08:23:45","slug":"clipboard-a4-din-bambus","status":"publish","type":"product","link":"https:\/\/web2print.ro\/shop\/clipboard-a4-din-bambus\/","title":{"rendered":"Clipboard A4 din bambus personalizat"},"content":{"rendered":"<p>Clipboard A4 din bambus, cu clem\u0103 metalic\u0103 robust\u0103 pentru fixarea documentelor.<\/p>\n<p>Dimensiune: 22,4 x 0,4 x 32,5 cm<\/p>\n<p>Greutate:\u00a00.375<\/p>\n<p>Origine: CN<\/p>\n<p>Tariff:\u00a044219910<\/p>\n","protected":false},"excerpt":{"rendered":"<p>Clipboard A4 din bambus, cu clem\u0103 metalic\u0103 robust\u0103 pentru fixarea documentelor.<\/p>\n","protected":false},"featured_media":124553,"comment_status":"closed","ping_status":"open","template":"","meta":{"_joinchat":[]},"product_brand":[2754],"product_cat":[520,521],"product_tag":[],"class_list":{"0":"post-256823","1":"product","2":"type-product","3":"status-publish","4":"has-post-thumbnail","6":"product_brand-m-collection-ro","7":"product_cat-accesorii-birou","8":"product_cat-caiete-si-dosare","10":"first","11":"instock","12":"taxable","13":"shipping-taxable","14":"purchasable","15":"product-type-variable"},"_links":{"self":[{"href":"https:\/\/web2print.ro\/shop\/wp-json\/wp\/v2\/product\/256823","targetHints":{"allow":["GET"]}}],"collection":[{"href":"https:\/\/web2print.ro\/shop\/wp-json\/wp\/v2\/product"}],"about":[{"href":"https:\/\/web2print.ro\/shop\/wp-json\/wp\/v2\/types\/product"}],"replies":[{"embeddable":true,"href":"https:\/\/web2print.ro\/shop\/wp-json\/wp\/v2\/comments?post=256823"}],"wp:featuredmedia":[{"embeddable":true,"href":"https:\/\/web2print.ro\/shop\/wp-json\/wp\/v2\/media\/124553"}],"wp:attachment":[{"href":"https:\/\/web2print.ro\/shop\/wp-json\/wp\/v2\/media?parent=256823"}],"wp:term":[{"taxonomy":"product_brand","embeddable":true,"href":"https:\/\/web2print.ro\/shop\/wp-json\/wp\/v2\/product_brand?post=256823"},{"taxonomy":"product_cat","embeddable":true,"href":"https:\/\/web2print.ro\/shop\/wp-json\/wp\/v2\/product_cat?post=256823"},{"taxonomy":"product_tag","embeddable":true,"href":"https:\/\/web2print.ro\/shop\/wp-json\/wp\/v2\/product_tag?post=256823"}],"curies":[{"name":"wp","href":"https:\/\/api.w.org\/{rel}","templated":true}]}}