{"id":264479,"date":"2025-06-09T18:37:47","date_gmt":"2025-06-09T15:37:47","guid":{"rendered":"https:\/\/localhost\/web2print\/product\/fit-t-shirt-comic-kid\/"},"modified":"2025-12-10T10:35:23","modified_gmt":"2025-12-10T08:35:23","slug":"fit-t-shirt-comic-kid","status":"publish","type":"product","link":"https:\/\/web2print.ro\/shop\/fit-t-shirt-comic-kid\/","title":{"rendered":"Tricou Fit Comic Kid personalizat"},"content":{"rendered":"<p>100% bumbac filat inelar. Jersey simplu 160 grs\/m2. Guler sub\u021bire cu nervuri. \u00cent\u0103rire de la um\u0103r la um\u0103r. Cus\u0103turi duble la g\u00e2t, la baz\u0103 \u0219i la m\u00e2neci. 100 de unit\u0103\u021bi per cutie. 10 unit\u0103\u021bi per pachet: 1 m\u0103rime, 1 culoare.<\/p>\n","protected":false},"excerpt":{"rendered":"<p>100% ring spun cotton. 160 grs\/m2 single jersey. Slim neck rib. Shoulder to shoulder reinforcement.Double stitching on neck, bottom and sleeves. 100 units per box. 10 units per package: 1 size, 1 color.<\/p>\n","protected":false},"featured_media":463077,"comment_status":"closed","ping_status":"closed","template":"","meta":{"_joinchat":[]},"product_brand":[],"product_cat":[2789],"product_tag":[],"class_list":{"0":"post-264479","1":"product","2":"type-product","3":"status-publish","4":"has-post-thumbnail","6":"product_cat-fara-categorie","8":"first","9":"instock","10":"taxable","11":"shipping-taxable","12":"purchasable","13":"product-type-variable"},"_links":{"self":[{"href":"https:\/\/web2print.ro\/shop\/wp-json\/wp\/v2\/product\/264479","targetHints":{"allow":["GET"]}}],"collection":[{"href":"https:\/\/web2print.ro\/shop\/wp-json\/wp\/v2\/product"}],"about":[{"href":"https:\/\/web2print.ro\/shop\/wp-json\/wp\/v2\/types\/product"}],"replies":[{"embeddable":true,"href":"https:\/\/web2print.ro\/shop\/wp-json\/wp\/v2\/comments?post=264479"}],"wp:featuredmedia":[{"embeddable":true,"href":"https:\/\/web2print.ro\/shop\/wp-json\/wp\/v2\/media\/463077"}],"wp:attachment":[{"href":"https:\/\/web2print.ro\/shop\/wp-json\/wp\/v2\/media?parent=264479"}],"wp:term":[{"taxonomy":"product_brand","embeddable":true,"href":"https:\/\/web2print.ro\/shop\/wp-json\/wp\/v2\/product_brand?post=264479"},{"taxonomy":"product_cat","embeddable":true,"href":"https:\/\/web2print.ro\/shop\/wp-json\/wp\/v2\/product_cat?post=264479"},{"taxonomy":"product_tag","embeddable":true,"href":"https:\/\/web2print.ro\/shop\/wp-json\/wp\/v2\/product_tag?post=264479"}],"curies":[{"name":"wp","href":"https:\/\/api.w.org\/{rel}","templated":true}]}}