{"id":264499,"date":"2025-06-09T18:37:44","date_gmt":"2025-06-09T15:37:44","guid":{"rendered":"https:\/\/localhost\/web2print\/product\/technical-t-shirt-leopard-kid\/"},"modified":"2025-12-10T10:35:11","modified_gmt":"2025-12-10T08:35:11","slug":"technical-t-shirt-leopard-kid","status":"publish","type":"product","link":"https:\/\/web2print.ro\/shop\/technical-t-shirt-leopard-kid\/","title":{"rendered":"Tricou tehnic Leopard Kid personalizat"},"content":{"rendered":"<p>100% poliester. Material tehnic respirabil 145 grs\/m2. Guler rotund. Benzi laterale colorate. Cus\u0103turi duble pe g\u00e2t, talp\u0103 \u0219i m\u00e2neci. 100 de unit\u0103\u021bi per cutie. 10 unit\u0103\u021bi per pachet: 1 m\u0103rime, 1 culoare.<\/p>\n","protected":false},"excerpt":{"rendered":"<p>100% polyester. 145 grs\/m2 breathable technical fabric. Round neck. Lateral bands in color. Double stitchingon neck, bottom and sleeves. 100 units per box. 10 units per package: 1 size, 1 color.<\/p>\n","protected":false},"featured_media":463071,"comment_status":"closed","ping_status":"closed","template":"","meta":{"_joinchat":[]},"product_brand":[],"product_cat":[2789],"product_tag":[],"class_list":{"0":"post-264499","1":"product","2":"type-product","3":"status-publish","4":"has-post-thumbnail","6":"product_cat-fara-categorie","8":"first","9":"instock","10":"taxable","11":"shipping-taxable","12":"purchasable","13":"product-type-variable"},"_links":{"self":[{"href":"https:\/\/web2print.ro\/shop\/wp-json\/wp\/v2\/product\/264499","targetHints":{"allow":["GET"]}}],"collection":[{"href":"https:\/\/web2print.ro\/shop\/wp-json\/wp\/v2\/product"}],"about":[{"href":"https:\/\/web2print.ro\/shop\/wp-json\/wp\/v2\/types\/product"}],"replies":[{"embeddable":true,"href":"https:\/\/web2print.ro\/shop\/wp-json\/wp\/v2\/comments?post=264499"}],"wp:featuredmedia":[{"embeddable":true,"href":"https:\/\/web2print.ro\/shop\/wp-json\/wp\/v2\/media\/463071"}],"wp:attachment":[{"href":"https:\/\/web2print.ro\/shop\/wp-json\/wp\/v2\/media?parent=264499"}],"wp:term":[{"taxonomy":"product_brand","embeddable":true,"href":"https:\/\/web2print.ro\/shop\/wp-json\/wp\/v2\/product_brand?post=264499"},{"taxonomy":"product_cat","embeddable":true,"href":"https:\/\/web2print.ro\/shop\/wp-json\/wp\/v2\/product_cat?post=264499"},{"taxonomy":"product_tag","embeddable":true,"href":"https:\/\/web2print.ro\/shop\/wp-json\/wp\/v2\/product_tag?post=264499"}],"curies":[{"name":"wp","href":"https:\/\/api.w.org\/{rel}","templated":true}]}}