{"id":264510,"date":"2025-06-09T18:37:43","date_gmt":"2025-06-09T15:37:43","guid":{"rendered":"https:\/\/localhost\/web2print\/product\/sublimation-t-shirt-matrix-kid\/"},"modified":"2025-12-10T10:35:12","modified_gmt":"2025-12-10T08:35:12","slug":"sublimation-t-shirt-matrix-kid","status":"publish","type":"product","link":"https:\/\/web2print.ro\/shop\/sublimation-t-shirt-matrix-kid\/","title":{"rendered":"Tricou sublimat Matrix Kid personalizat"},"content":{"rendered":"<p>100% poliester. 160 grs\/m2. Bumbac la atingere. Guler rotund cu nervuri. \u00cent\u0103rituri de la um\u0103r la um\u0103r. Cus\u0103turi duble la g\u00e2t, la baz\u0103 \u0219i la m\u00e2neci. 10 buc\u0103\u021bi per pachet: 1 m\u0103rime, 1 culoare.<\/p>\n","protected":false},"excerpt":{"rendered":"<p>100% polyester. 160 grs\/m2. Cotton touch. Ribbed round neck. Shoulder to shoulder reinforcement. Double stitching on neck, bottom and sleeves.10 units per package: 1 size, 1 color.<\/p>\n","protected":false},"featured_media":264512,"comment_status":"closed","ping_status":"open","template":"","meta":{"_joinchat":[]},"product_brand":[],"product_cat":[2789],"product_tag":[],"class_list":{"0":"post-264510","1":"product","2":"type-product","3":"status-publish","4":"has-post-thumbnail","6":"product_cat-fara-categorie","8":"first","9":"instock","10":"taxable","11":"shipping-taxable","12":"purchasable","13":"product-type-variable"},"_links":{"self":[{"href":"https:\/\/web2print.ro\/shop\/wp-json\/wp\/v2\/product\/264510","targetHints":{"allow":["GET"]}}],"collection":[{"href":"https:\/\/web2print.ro\/shop\/wp-json\/wp\/v2\/product"}],"about":[{"href":"https:\/\/web2print.ro\/shop\/wp-json\/wp\/v2\/types\/product"}],"replies":[{"embeddable":true,"href":"https:\/\/web2print.ro\/shop\/wp-json\/wp\/v2\/comments?post=264510"}],"wp:featuredmedia":[{"embeddable":true,"href":"https:\/\/web2print.ro\/shop\/wp-json\/wp\/v2\/media\/264512"}],"wp:attachment":[{"href":"https:\/\/web2print.ro\/shop\/wp-json\/wp\/v2\/media?parent=264510"}],"wp:term":[{"taxonomy":"product_brand","embeddable":true,"href":"https:\/\/web2print.ro\/shop\/wp-json\/wp\/v2\/product_brand?post=264510"},{"taxonomy":"product_cat","embeddable":true,"href":"https:\/\/web2print.ro\/shop\/wp-json\/wp\/v2\/product_cat?post=264510"},{"taxonomy":"product_tag","embeddable":true,"href":"https:\/\/web2print.ro\/shop\/wp-json\/wp\/v2\/product_tag?post=264510"}],"curies":[{"name":"wp","href":"https:\/\/api.w.org\/{rel}","templated":true}]}}