{"id":264605,"date":"2025-06-09T18:37:37","date_gmt":"2025-06-09T15:37:37","guid":{"rendered":"https:\/\/localhost\/web2print\/product\/softshell-jacket-alaska-kid\/"},"modified":"2025-12-10T10:35:16","modified_gmt":"2025-12-10T08:35:16","slug":"softshell-jacket-alaska-kid","status":"publish","type":"product","link":"https:\/\/web2print.ro\/shop\/softshell-jacket-alaska-kid\/","title":{"rendered":"Jachet\u0103 softshell Alaska Kid personalizat\u0103"},"content":{"rendered":"<p>90% poliamid\u0103, 10% elastan. Material softshell 525 grs\/m2. Exterior material rip-stop. Interior material cu imprimeu de urs. Talie \u0219i man\u0219ete elastice cu nervuri, de culoare neagr\u0103. 2 buzunare cu fermoar. Fermoar frontal total. 10 unit\u0103\u021bi per cutie: 1 m\u0103rime, 1 culoare. Pung\u0103 individual\u0103.<\/p>\n","protected":false},"excerpt":{"rendered":"<p>90% polyamide, 10% elastane. 525 grs\/m2 softshell fabric. Rip-stop fabric outside. Bear fabric inside.Elastic ribbed waist and cuffs in black color. 2 zip pockets. Total front zip. 10 units per box: 1 size, 1 color.Individual bag.<\/p>\n","protected":false},"featured_media":282327,"comment_status":"closed","ping_status":"closed","template":"","meta":{"_joinchat":[]},"product_brand":[],"product_cat":[2789],"product_tag":[],"class_list":{"0":"post-264605","1":"product","2":"type-product","3":"status-publish","4":"has-post-thumbnail","6":"product_cat-fara-categorie","8":"first","9":"instock","10":"taxable","11":"shipping-taxable","12":"purchasable","13":"product-type-variable"},"_links":{"self":[{"href":"https:\/\/web2print.ro\/shop\/wp-json\/wp\/v2\/product\/264605","targetHints":{"allow":["GET"]}}],"collection":[{"href":"https:\/\/web2print.ro\/shop\/wp-json\/wp\/v2\/product"}],"about":[{"href":"https:\/\/web2print.ro\/shop\/wp-json\/wp\/v2\/types\/product"}],"replies":[{"embeddable":true,"href":"https:\/\/web2print.ro\/shop\/wp-json\/wp\/v2\/comments?post=264605"}],"wp:featuredmedia":[{"embeddable":true,"href":"https:\/\/web2print.ro\/shop\/wp-json\/wp\/v2\/media\/282327"}],"wp:attachment":[{"href":"https:\/\/web2print.ro\/shop\/wp-json\/wp\/v2\/media?parent=264605"}],"wp:term":[{"taxonomy":"product_brand","embeddable":true,"href":"https:\/\/web2print.ro\/shop\/wp-json\/wp\/v2\/product_brand?post=264605"},{"taxonomy":"product_cat","embeddable":true,"href":"https:\/\/web2print.ro\/shop\/wp-json\/wp\/v2\/product_cat?post=264605"},{"taxonomy":"product_tag","embeddable":true,"href":"https:\/\/web2print.ro\/shop\/wp-json\/wp\/v2\/product_tag?post=264605"}],"curies":[{"name":"wp","href":"https:\/\/api.w.org\/{rel}","templated":true}]}}