{"id":264625,"date":"2025-06-09T18:37:36","date_gmt":"2025-06-09T15:37:36","guid":{"rendered":"https:\/\/localhost\/web2print\/product\/softshell-jacket-batavia-kid\/"},"modified":"2025-12-10T10:35:17","modified_gmt":"2025-12-10T08:35:17","slug":"softshell-jacket-batavia-kid","status":"publish","type":"product","link":"https:\/\/web2print.ro\/shop\/softshell-jacket-batavia-kid\/","title":{"rendered":"Jachet\u0103 softshell Batavia Kid personalizat\u0103"},"content":{"rendered":"<p>90% poliamid\u0103, 10% elastan. Material softshell 350 grs\/m2. Guler \u00eenalt. Fermoar frontal complet. 3 buzunare cu fermoar. \u00cent\u0103rituri rip-stop. Man\u0219ete reglabile cu sistem de tip ciuperc\u0103. \u00cenchidere cu snur \u00een interior. 10 unit\u0103\u021bi per cutie: 1 m\u0103rime, 1 culoare. Pung\u0103 individual\u0103.<\/p>\n","protected":false},"excerpt":{"rendered":"<p>90% polyamide, 10% elastane. 350 grs\/m2 softshell fabric. High collar. Total front zip. 3 zip pockets.Rip-stop reinforcements. Adjustable mushroom system cuffs. Cord lock inside. 10 units per box: 1 size,1 color. Individual bag.<\/p>\n","protected":false},"featured_media":266673,"comment_status":"closed","ping_status":"closed","template":"","meta":{"_joinchat":[]},"product_brand":[],"product_cat":[2789],"product_tag":[],"class_list":{"0":"post-264625","1":"product","2":"type-product","3":"status-publish","4":"has-post-thumbnail","6":"product_cat-fara-categorie","8":"first","9":"instock","10":"taxable","11":"shipping-taxable","12":"purchasable","13":"product-type-variable"},"_links":{"self":[{"href":"https:\/\/web2print.ro\/shop\/wp-json\/wp\/v2\/product\/264625","targetHints":{"allow":["GET"]}}],"collection":[{"href":"https:\/\/web2print.ro\/shop\/wp-json\/wp\/v2\/product"}],"about":[{"href":"https:\/\/web2print.ro\/shop\/wp-json\/wp\/v2\/types\/product"}],"replies":[{"embeddable":true,"href":"https:\/\/web2print.ro\/shop\/wp-json\/wp\/v2\/comments?post=264625"}],"wp:featuredmedia":[{"embeddable":true,"href":"https:\/\/web2print.ro\/shop\/wp-json\/wp\/v2\/media\/266673"}],"wp:attachment":[{"href":"https:\/\/web2print.ro\/shop\/wp-json\/wp\/v2\/media?parent=264625"}],"wp:term":[{"taxonomy":"product_brand","embeddable":true,"href":"https:\/\/web2print.ro\/shop\/wp-json\/wp\/v2\/product_brand?post=264625"},{"taxonomy":"product_cat","embeddable":true,"href":"https:\/\/web2print.ro\/shop\/wp-json\/wp\/v2\/product_cat?post=264625"},{"taxonomy":"product_tag","embeddable":true,"href":"https:\/\/web2print.ro\/shop\/wp-json\/wp\/v2\/product_tag?post=264625"}],"curies":[{"name":"wp","href":"https:\/\/api.w.org\/{rel}","templated":true}]}}