{"id":264636,"date":"2025-06-09T18:37:35","date_gmt":"2025-06-09T15:37:35","guid":{"rendered":"https:\/\/localhost\/web2print\/product\/sport-jacket-court-kid\/"},"modified":"2025-12-10T10:35:18","modified_gmt":"2025-12-10T08:35:18","slug":"sport-jacket-court-kid","status":"publish","type":"product","link":"https:\/\/web2print.ro\/shop\/sport-jacket-court-kid\/","title":{"rendered":"Jachet\u0103 sport Court pentru copil personalizat\u0103"},"content":{"rendered":"<p>100% poliester. Material dublu din acetat de 250 grs\/m2. Interior periat. 2 buzunare cu fermoar. Fermoar frontal complet. Jacheta \u0219i pantalonii pot fi v\u00e2ndute separat. 20 de unit\u0103\u021bi per cutie: 1 m\u0103rime, 1 culoare. Pung\u0103 individual\u0103.<\/p>\n","protected":false},"excerpt":{"rendered":"<p>100% polyester. 250 grs\/m2 acetate dual- ock fabric. Brushed inside. 2 zip pockets. Total front zip. Jacketand trousers can be sold separately. 20 units per box: 1 size, 1 color. Individual bag.<\/p>\n","protected":false},"featured_media":282364,"comment_status":"closed","ping_status":"closed","template":"","meta":{"_joinchat":[]},"product_brand":[],"product_cat":[2789],"product_tag":[],"class_list":{"0":"post-264636","1":"product","2":"type-product","3":"status-publish","4":"has-post-thumbnail","6":"product_cat-fara-categorie","8":"first","9":"instock","10":"taxable","11":"shipping-taxable","12":"purchasable","13":"product-type-variable"},"_links":{"self":[{"href":"https:\/\/web2print.ro\/shop\/wp-json\/wp\/v2\/product\/264636","targetHints":{"allow":["GET"]}}],"collection":[{"href":"https:\/\/web2print.ro\/shop\/wp-json\/wp\/v2\/product"}],"about":[{"href":"https:\/\/web2print.ro\/shop\/wp-json\/wp\/v2\/types\/product"}],"replies":[{"embeddable":true,"href":"https:\/\/web2print.ro\/shop\/wp-json\/wp\/v2\/comments?post=264636"}],"wp:featuredmedia":[{"embeddable":true,"href":"https:\/\/web2print.ro\/shop\/wp-json\/wp\/v2\/media\/282364"}],"wp:attachment":[{"href":"https:\/\/web2print.ro\/shop\/wp-json\/wp\/v2\/media?parent=264636"}],"wp:term":[{"taxonomy":"product_brand","embeddable":true,"href":"https:\/\/web2print.ro\/shop\/wp-json\/wp\/v2\/product_brand?post=264636"},{"taxonomy":"product_cat","embeddable":true,"href":"https:\/\/web2print.ro\/shop\/wp-json\/wp\/v2\/product_cat?post=264636"},{"taxonomy":"product_tag","embeddable":true,"href":"https:\/\/web2print.ro\/shop\/wp-json\/wp\/v2\/product_tag?post=264636"}],"curies":[{"name":"wp","href":"https:\/\/api.w.org\/{rel}","templated":true}]}}