{"id":264659,"date":"2025-06-09T18:37:32","date_gmt":"2025-06-09T15:37:32","guid":{"rendered":"https:\/\/localhost\/web2print\/product\/softshell-jacket-makalu-kid\/"},"modified":"2025-12-10T10:35:20","modified_gmt":"2025-12-10T08:35:20","slug":"softshell-jacket-makalu-kid","status":"publish","type":"product","link":"https:\/\/web2print.ro\/shop\/softshell-jacket-makalu-kid\/","title":{"rendered":"Geac\u0103 softshell Makalu Kid personalizat\u0103"},"content":{"rendered":"<p>100% poliester. Material softshell 400 grs\/m2. Material polar anti-sc\u0103rpaturi la interior \u0219i exterior. Fermoar frontal complet. \u00cent\u0103rituri la jug, coate \u0219i umeri de culoare neagr\u0103. 2 buzunare laterale cu fermoar. 10 unit\u0103\u021bi per cutie: 1 m\u0103rime, 1 culoare. Pung\u0103 individual\u0103.<\/p>\n","protected":false},"excerpt":{"rendered":"<p>100% polyester. 400 grs\/m2 softshell fabric. Anti-pilling polar eece fabric inside and outside. Total front zip. Yoke,elbows, and shoulders reinforcement in black color. 2 lateral zip pockets. 10 units per box: 1 size, 1 color. Individual bag.<\/p>\n","protected":false},"featured_media":282400,"comment_status":"closed","ping_status":"closed","template":"","meta":{"_joinchat":[]},"product_brand":[],"product_cat":[2789],"product_tag":[],"class_list":{"0":"post-264659","1":"product","2":"type-product","3":"status-publish","4":"has-post-thumbnail","6":"product_cat-fara-categorie","8":"first","9":"instock","10":"taxable","11":"shipping-taxable","12":"purchasable","13":"product-type-variable"},"_links":{"self":[{"href":"https:\/\/web2print.ro\/shop\/wp-json\/wp\/v2\/product\/264659","targetHints":{"allow":["GET"]}}],"collection":[{"href":"https:\/\/web2print.ro\/shop\/wp-json\/wp\/v2\/product"}],"about":[{"href":"https:\/\/web2print.ro\/shop\/wp-json\/wp\/v2\/types\/product"}],"replies":[{"embeddable":true,"href":"https:\/\/web2print.ro\/shop\/wp-json\/wp\/v2\/comments?post=264659"}],"wp:featuredmedia":[{"embeddable":true,"href":"https:\/\/web2print.ro\/shop\/wp-json\/wp\/v2\/media\/282400"}],"wp:attachment":[{"href":"https:\/\/web2print.ro\/shop\/wp-json\/wp\/v2\/media?parent=264659"}],"wp:term":[{"taxonomy":"product_brand","embeddable":true,"href":"https:\/\/web2print.ro\/shop\/wp-json\/wp\/v2\/product_brand?post=264659"},{"taxonomy":"product_cat","embeddable":true,"href":"https:\/\/web2print.ro\/shop\/wp-json\/wp\/v2\/product_cat?post=264659"},{"taxonomy":"product_tag","embeddable":true,"href":"https:\/\/web2print.ro\/shop\/wp-json\/wp\/v2\/product_tag?post=264659"}],"curies":[{"name":"wp","href":"https:\/\/api.w.org\/{rel}","templated":true}]}}