{"id":264723,"date":"2025-06-09T18:37:24","date_gmt":"2025-06-09T15:37:24","guid":{"rendered":"https:\/\/localhost\/web2print\/product\/raincoat-rain-kid\/"},"modified":"2025-12-10T10:35:00","modified_gmt":"2025-12-10T08:35:00","slug":"raincoat-rain-kid","status":"publish","type":"product","link":"https:\/\/web2print.ro\/shop\/raincoat-rain-kid\/","title":{"rendered":"Pelerin\u0103 de ploaie pentru copii personalizat\u0103"},"content":{"rendered":"<p>\u021aes\u0103tur\u0103 100% poliester 130 gr\/m2, hidrofug\u0103. Fermoar frontal complet. Glug\u0103 cu \u0219nur reglabil ascuns \u00een banda de la g\u00e2t (cu excep\u021bia m\u0103rimilor pentru copii). 2 buzunare inferioare cu fermoar. Se pliaz\u0103 \u00eentr-un buzunar cu fermoar. 50 de unit\u0103\u021bi per cutie: 1 m\u0103rime, 1 culoare. Pung\u0103 individual\u0103.<\/p>\n","protected":false},"excerpt":{"rendered":"<p>130 gr\/m2 100% polyester fabric water repellent. Total front zip. Hood with adjustable drawstring hidden inthe neckband (except children sizes). 2 lower zip pockets. Folds into zip pocket. 50 units per box: 1 size, 1 color.Individual bag.<\/p>\n","protected":false},"featured_media":282502,"comment_status":"closed","ping_status":"closed","template":"","meta":{"_joinchat":[]},"product_brand":[],"product_cat":[2789],"product_tag":[],"class_list":{"0":"post-264723","1":"product","2":"type-product","3":"status-publish","4":"has-post-thumbnail","6":"product_cat-fara-categorie","8":"first","9":"instock","10":"taxable","11":"shipping-taxable","12":"purchasable","13":"product-type-variable"},"_links":{"self":[{"href":"https:\/\/web2print.ro\/shop\/wp-json\/wp\/v2\/product\/264723","targetHints":{"allow":["GET"]}}],"collection":[{"href":"https:\/\/web2print.ro\/shop\/wp-json\/wp\/v2\/product"}],"about":[{"href":"https:\/\/web2print.ro\/shop\/wp-json\/wp\/v2\/types\/product"}],"replies":[{"embeddable":true,"href":"https:\/\/web2print.ro\/shop\/wp-json\/wp\/v2\/comments?post=264723"}],"wp:featuredmedia":[{"embeddable":true,"href":"https:\/\/web2print.ro\/shop\/wp-json\/wp\/v2\/media\/282502"}],"wp:attachment":[{"href":"https:\/\/web2print.ro\/shop\/wp-json\/wp\/v2\/media?parent=264723"}],"wp:term":[{"taxonomy":"product_brand","embeddable":true,"href":"https:\/\/web2print.ro\/shop\/wp-json\/wp\/v2\/product_brand?post=264723"},{"taxonomy":"product_cat","embeddable":true,"href":"https:\/\/web2print.ro\/shop\/wp-json\/wp\/v2\/product_cat?post=264723"},{"taxonomy":"product_tag","embeddable":true,"href":"https:\/\/web2print.ro\/shop\/wp-json\/wp\/v2\/product_tag?post=264723"}],"curies":[{"name":"wp","href":"https:\/\/api.w.org\/{rel}","templated":true}]}}