{"id":265534,"date":"2025-06-11T11:02:39","date_gmt":"2025-06-11T08:02:39","guid":{"rendered":"https:\/\/localhost\/web2print\/product\/second-skin-t-shirt-coldasy\/"},"modified":"2025-12-10T10:43:06","modified_gmt":"2025-12-10T08:43:06","slug":"second-skin-t-shirt-coldasy","status":"publish","type":"product","link":"https:\/\/web2print.ro\/shop\/second-skin-t-shirt-coldasy\/","title":{"rendered":"Tricou Second Skin Coldasy personalizat"},"content":{"rendered":"<p>90% poliamid\u0103, 10% elastan. Material intarsiu 2D, 230 grs\/m2. Elasticitate ridicat\u0103, re\u021binere a c\u0103ldurii \u0219i respirabilitate. F\u0103r\u0103 cus\u0103turi. Design ergonomic \u0219i dinamic. 40 de unit\u0103\u021bi per cutie: 1 m\u0103rime. Pung\u0103 individual\u0103.<\/p>\n","protected":false},"excerpt":{"rendered":"<p>90% poliamid\u0103, 10% elastan. Material intarsiu 2D, 230 grs\/m2. Elasticitate ridicat\u0103, re\u021binere a c\u0103ldurii \u0219i respirabilitate. F\u0103r\u0103 cus\u0103turi. Design ergonomic<\/p>\n","protected":false},"featured_media":265541,"comment_status":"closed","ping_status":"closed","template":"","meta":{"_joinchat":[]},"product_brand":[],"product_cat":[2789],"product_tag":[],"class_list":{"0":"post-265534","1":"product","2":"type-product","3":"status-publish","4":"has-post-thumbnail","6":"product_cat-fara-categorie","8":"first","9":"instock","10":"taxable","11":"shipping-taxable","12":"purchasable","13":"product-type-variable"},"_links":{"self":[{"href":"https:\/\/web2print.ro\/shop\/wp-json\/wp\/v2\/product\/265534","targetHints":{"allow":["GET"]}}],"collection":[{"href":"https:\/\/web2print.ro\/shop\/wp-json\/wp\/v2\/product"}],"about":[{"href":"https:\/\/web2print.ro\/shop\/wp-json\/wp\/v2\/types\/product"}],"replies":[{"embeddable":true,"href":"https:\/\/web2print.ro\/shop\/wp-json\/wp\/v2\/comments?post=265534"}],"wp:featuredmedia":[{"embeddable":true,"href":"https:\/\/web2print.ro\/shop\/wp-json\/wp\/v2\/media\/265541"}],"wp:attachment":[{"href":"https:\/\/web2print.ro\/shop\/wp-json\/wp\/v2\/media?parent=265534"}],"wp:term":[{"taxonomy":"product_brand","embeddable":true,"href":"https:\/\/web2print.ro\/shop\/wp-json\/wp\/v2\/product_brand?post=265534"},{"taxonomy":"product_cat","embeddable":true,"href":"https:\/\/web2print.ro\/shop\/wp-json\/wp\/v2\/product_cat?post=265534"},{"taxonomy":"product_tag","embeddable":true,"href":"https:\/\/web2print.ro\/shop\/wp-json\/wp\/v2\/product_tag?post=265534"}],"curies":[{"name":"wp","href":"https:\/\/api.w.org\/{rel}","templated":true}]}}