{"id":265543,"date":"2025-06-11T11:02:37","date_gmt":"2025-06-11T08:02:37","guid":{"rendered":"https:\/\/localhost\/web2print\/product\/typed-t-shirt-combi\/"},"modified":"2025-12-10T10:43:07","modified_gmt":"2025-12-10T08:43:07","slug":"typed-t-shirt-combi","status":"publish","type":"product","link":"https:\/\/web2print.ro\/shop\/typed-t-shirt-combi\/","title":{"rendered":"Tricou tip\u0103rit Combi personalizat"},"content":{"rendered":"<p>100% bumbac filat inelar. Jersey simplu 160 grs\/m2. Guler \u0219i m\u00e2neci cu nervuri \u00een diferite culori. Cus\u0103turi duble la guler, partea de jos \u0219i m\u00e2neci. 100 de unit\u0103\u021bi per cutie. 10 unit\u0103\u021bi per pachet: 1 m\u0103rime, 1 culoare.<\/p>\n","protected":false},"excerpt":{"rendered":"<p>100% bumbac filat inelar. Jersey simplu 160 grs\/m2. Guler \u0219i m\u00e2neci cu nervuri \u00een diferite culori. Cus\u0103turi duble la guler,<\/p>\n","protected":false},"featured_media":283340,"comment_status":"closed","ping_status":"open","template":"","meta":{"_joinchat":[]},"product_brand":[],"product_cat":[2789],"product_tag":[],"class_list":{"0":"post-265543","1":"product","2":"type-product","3":"status-publish","4":"has-post-thumbnail","6":"product_cat-fara-categorie","8":"first","9":"instock","10":"taxable","11":"shipping-taxable","12":"purchasable","13":"product-type-variable"},"_links":{"self":[{"href":"https:\/\/web2print.ro\/shop\/wp-json\/wp\/v2\/product\/265543","targetHints":{"allow":["GET"]}}],"collection":[{"href":"https:\/\/web2print.ro\/shop\/wp-json\/wp\/v2\/product"}],"about":[{"href":"https:\/\/web2print.ro\/shop\/wp-json\/wp\/v2\/types\/product"}],"replies":[{"embeddable":true,"href":"https:\/\/web2print.ro\/shop\/wp-json\/wp\/v2\/comments?post=265543"}],"wp:featuredmedia":[{"embeddable":true,"href":"https:\/\/web2print.ro\/shop\/wp-json\/wp\/v2\/media\/283340"}],"wp:attachment":[{"href":"https:\/\/web2print.ro\/shop\/wp-json\/wp\/v2\/media?parent=265543"}],"wp:term":[{"taxonomy":"product_brand","embeddable":true,"href":"https:\/\/web2print.ro\/shop\/wp-json\/wp\/v2\/product_brand?post=265543"},{"taxonomy":"product_cat","embeddable":true,"href":"https:\/\/web2print.ro\/shop\/wp-json\/wp\/v2\/product_cat?post=265543"},{"taxonomy":"product_tag","embeddable":true,"href":"https:\/\/web2print.ro\/shop\/wp-json\/wp\/v2\/product_tag?post=265543"}],"curies":[{"name":"wp","href":"https:\/\/api.w.org\/{rel}","templated":true}]}}