{"id":265633,"date":"2025-06-11T11:02:31","date_gmt":"2025-06-11T08:02:31","guid":{"rendered":"https:\/\/localhost\/web2print\/product\/t-shirt-funky\/"},"modified":"2025-12-10T10:42:53","modified_gmt":"2025-12-10T08:42:53","slug":"t-shirt-funky","status":"publish","type":"product","link":"https:\/\/web2print.ro\/shop\/t-shirt-funky\/","title":{"rendered":"Tricou Funky personalizat"},"content":{"rendered":"<p>90% bumbac, 10% elastan. Jersey simplu elastic 190 grs\/m2. M\u00e2nec\u0103 lung\u0103 dreapt\u0103. Guler rotund. Cus\u0103turi duble la g\u00e2t \u0219i la baz\u0103. 100 de buc\u0103\u021bi per cutie. 10 buc\u0103\u021bi per pachet: 1 m\u0103rime, 1 culoare.<\/p>\n","protected":false},"excerpt":{"rendered":"<p>90% bumbac, 10% elastan. Jersey simplu elastic 190 grs\/m2. M\u00e2nec\u0103 lung\u0103 dreapt\u0103. Guler rotund. Cus\u0103turi duble la g\u00e2t \u0219i la<\/p>\n","protected":false},"featured_media":283382,"comment_status":"closed","ping_status":"open","template":"","meta":{"_joinchat":[]},"product_brand":[],"product_cat":[2789],"product_tag":[],"class_list":{"0":"post-265633","1":"product","2":"type-product","3":"status-publish","4":"has-post-thumbnail","6":"product_cat-fara-categorie","8":"first","9":"instock","10":"taxable","11":"shipping-taxable","12":"purchasable","13":"product-type-variable"},"_links":{"self":[{"href":"https:\/\/web2print.ro\/shop\/wp-json\/wp\/v2\/product\/265633","targetHints":{"allow":["GET"]}}],"collection":[{"href":"https:\/\/web2print.ro\/shop\/wp-json\/wp\/v2\/product"}],"about":[{"href":"https:\/\/web2print.ro\/shop\/wp-json\/wp\/v2\/types\/product"}],"replies":[{"embeddable":true,"href":"https:\/\/web2print.ro\/shop\/wp-json\/wp\/v2\/comments?post=265633"}],"wp:featuredmedia":[{"embeddable":true,"href":"https:\/\/web2print.ro\/shop\/wp-json\/wp\/v2\/media\/283382"}],"wp:attachment":[{"href":"https:\/\/web2print.ro\/shop\/wp-json\/wp\/v2\/media?parent=265633"}],"wp:term":[{"taxonomy":"product_brand","embeddable":true,"href":"https:\/\/web2print.ro\/shop\/wp-json\/wp\/v2\/product_brand?post=265633"},{"taxonomy":"product_cat","embeddable":true,"href":"https:\/\/web2print.ro\/shop\/wp-json\/wp\/v2\/product_cat?post=265633"},{"taxonomy":"product_tag","embeddable":true,"href":"https:\/\/web2print.ro\/shop\/wp-json\/wp\/v2\/product_tag?post=265633"}],"curies":[{"name":"wp","href":"https:\/\/api.w.org\/{rel}","templated":true}]}}