{"id":265636,"date":"2025-06-11T11:02:30","date_gmt":"2025-06-11T08:02:30","guid":{"rendered":"https:\/\/localhost\/web2print\/product\/typed-t-shirt-furia\/"},"modified":"2025-12-10T10:42:54","modified_gmt":"2025-12-10T08:42:54","slug":"typed-t-shirt-furia","status":"publish","type":"product","link":"https:\/\/web2print.ro\/shop\/typed-t-shirt-furia\/","title":{"rendered":"Tricou imprimat Furia personalizat"},"content":{"rendered":"<p>100% bumbac filat inelar. Jerseu simplu 160 grs\/m2. Guler rotund cu nervuri. \u00cent\u0103rituri de la um\u0103r la um\u0103r. Cus\u0103turi duble la g\u00e2t, la baz\u0103 \u0219i la m\u00e2neci. 100 de unit\u0103\u021bi per cutie. 10 unit\u0103\u021bi per pachet: 1 m\u0103rime.<\/p>\n","protected":false},"excerpt":{"rendered":"<p>100% bumbac filat inelar. Jerseu simplu 160 grs\/m2. Guler rotund cu nervuri. \u00cent\u0103rituri de la um\u0103r la um\u0103r. Cus\u0103turi duble<\/p>\n","protected":false},"featured_media":265641,"comment_status":"closed","ping_status":"closed","template":"","meta":{"_joinchat":[]},"product_brand":[],"product_cat":[2789],"product_tag":[],"class_list":{"0":"post-265636","1":"product","2":"type-product","3":"status-publish","4":"has-post-thumbnail","6":"product_cat-fara-categorie","8":"first","9":"instock","10":"taxable","11":"shipping-taxable","12":"purchasable","13":"product-type-variable"},"_links":{"self":[{"href":"https:\/\/web2print.ro\/shop\/wp-json\/wp\/v2\/product\/265636","targetHints":{"allow":["GET"]}}],"collection":[{"href":"https:\/\/web2print.ro\/shop\/wp-json\/wp\/v2\/product"}],"about":[{"href":"https:\/\/web2print.ro\/shop\/wp-json\/wp\/v2\/types\/product"}],"replies":[{"embeddable":true,"href":"https:\/\/web2print.ro\/shop\/wp-json\/wp\/v2\/comments?post=265636"}],"wp:featuredmedia":[{"embeddable":true,"href":"https:\/\/web2print.ro\/shop\/wp-json\/wp\/v2\/media\/265641"}],"wp:attachment":[{"href":"https:\/\/web2print.ro\/shop\/wp-json\/wp\/v2\/media?parent=265636"}],"wp:term":[{"taxonomy":"product_brand","embeddable":true,"href":"https:\/\/web2print.ro\/shop\/wp-json\/wp\/v2\/product_brand?post=265636"},{"taxonomy":"product_cat","embeddable":true,"href":"https:\/\/web2print.ro\/shop\/wp-json\/wp\/v2\/product_cat?post=265636"},{"taxonomy":"product_tag","embeddable":true,"href":"https:\/\/web2print.ro\/shop\/wp-json\/wp\/v2\/product_tag?post=265636"}],"curies":[{"name":"wp","href":"https:\/\/api.w.org\/{rel}","templated":true}]}}