{"id":265754,"date":"2025-06-11T11:02:19","date_gmt":"2025-06-11T08:02:19","guid":{"rendered":"https:\/\/localhost\/web2print\/product\/tight-t-shirt-nappa\/"},"modified":"2025-12-10T10:43:02","modified_gmt":"2025-12-10T08:43:02","slug":"tight-t-shirt-nappa","status":"publish","type":"product","link":"https:\/\/web2print.ro\/shop\/tight-t-shirt-nappa\/","title":{"rendered":"Tricou mulat Nappa personalizat"},"content":{"rendered":"<p>90% bumbac filat inelar, 10% elastan. Jersey simplu elastic 190 grs\/m2. F\u0103r\u0103 m\u00e2neci. Cus\u0103turi duble la g\u00e2t, la baz\u0103 \u0219i la m\u00e2neci. 100 de unit\u0103\u021bi per cutie. 10 unit\u0103\u021bi per pachet: 1 m\u0103rime, 1 culoare.<\/p>\n","protected":false},"excerpt":{"rendered":"<p>90% ring spun cotton, 10% elastane. 190 grs\/m2 elastic single jersey.Sleeveless. Double stitching on neck, bottom and armholes.100 units per box. 10units per package: 1 size, 1 color.<\/p>\n","protected":false},"featured_media":265775,"comment_status":"closed","ping_status":"closed","template":"","meta":{"_joinchat":[]},"product_brand":[],"product_cat":[2789],"product_tag":[],"class_list":{"0":"post-265754","1":"product","2":"type-product","3":"status-publish","4":"has-post-thumbnail","6":"product_cat-fara-categorie","8":"first","9":"instock","10":"taxable","11":"shipping-taxable","12":"purchasable","13":"product-type-variable"},"_links":{"self":[{"href":"https:\/\/web2print.ro\/shop\/wp-json\/wp\/v2\/product\/265754","targetHints":{"allow":["GET"]}}],"collection":[{"href":"https:\/\/web2print.ro\/shop\/wp-json\/wp\/v2\/product"}],"about":[{"href":"https:\/\/web2print.ro\/shop\/wp-json\/wp\/v2\/types\/product"}],"replies":[{"embeddable":true,"href":"https:\/\/web2print.ro\/shop\/wp-json\/wp\/v2\/comments?post=265754"}],"wp:featuredmedia":[{"embeddable":true,"href":"https:\/\/web2print.ro\/shop\/wp-json\/wp\/v2\/media\/265775"}],"wp:attachment":[{"href":"https:\/\/web2print.ro\/shop\/wp-json\/wp\/v2\/media?parent=265754"}],"wp:term":[{"taxonomy":"product_brand","embeddable":true,"href":"https:\/\/web2print.ro\/shop\/wp-json\/wp\/v2\/product_brand?post=265754"},{"taxonomy":"product_cat","embeddable":true,"href":"https:\/\/web2print.ro\/shop\/wp-json\/wp\/v2\/product_cat?post=265754"},{"taxonomy":"product_tag","embeddable":true,"href":"https:\/\/web2print.ro\/shop\/wp-json\/wp\/v2\/product_tag?post=265754"}],"curies":[{"name":"wp","href":"https:\/\/api.w.org\/{rel}","templated":true}]}}