{"id":265850,"date":"2025-06-11T11:02:15","date_gmt":"2025-06-11T08:02:15","guid":{"rendered":"https:\/\/localhost\/web2print\/product\/typed-t-shirt-caiman\/"},"modified":"2025-12-10T10:43:04","modified_gmt":"2025-12-10T08:43:04","slug":"typed-t-shirt-caiman","status":"publish","type":"product","link":"https:\/\/web2print.ro\/shop\/typed-t-shirt-caiman\/","title":{"rendered":"Tricou tip\u0103rit Caiman personalizat"},"content":{"rendered":"<p>100% bumbac filat inelar. Jerseu simplu 160 grs\/m2. Guler rotund cu nervuri. M\u00e2neci scurte raglan. Cus\u0103turi duble pe g\u00e2t, partea de jos \u0219i m\u00e2neci. 100 de unit\u0103\u021bi per cutie. 10 unit\u0103\u021bi per pachet: 1 m\u0103rime, 1 culoare.<\/p>\n","protected":false},"excerpt":{"rendered":"<p>100% ring spun cotton. 160 grs\/m2 single jersey. Ribbed round neck. Raglan shortsleeves. Double stitching on neck, bottom and sleeves. 100 units per box. 10 units perpackage: 1 size, 1 color.<\/p>\n","protected":false},"featured_media":283604,"comment_status":"closed","ping_status":"open","template":"","meta":{"_joinchat":[]},"product_brand":[],"product_cat":[2789],"product_tag":[],"class_list":{"0":"post-265850","1":"product","2":"type-product","3":"status-publish","4":"has-post-thumbnail","6":"product_cat-fara-categorie","8":"first","9":"instock","10":"taxable","11":"shipping-taxable","12":"purchasable","13":"product-type-variable"},"_links":{"self":[{"href":"https:\/\/web2print.ro\/shop\/wp-json\/wp\/v2\/product\/265850","targetHints":{"allow":["GET"]}}],"collection":[{"href":"https:\/\/web2print.ro\/shop\/wp-json\/wp\/v2\/product"}],"about":[{"href":"https:\/\/web2print.ro\/shop\/wp-json\/wp\/v2\/types\/product"}],"replies":[{"embeddable":true,"href":"https:\/\/web2print.ro\/shop\/wp-json\/wp\/v2\/comments?post=265850"}],"wp:featuredmedia":[{"embeddable":true,"href":"https:\/\/web2print.ro\/shop\/wp-json\/wp\/v2\/media\/283604"}],"wp:attachment":[{"href":"https:\/\/web2print.ro\/shop\/wp-json\/wp\/v2\/media?parent=265850"}],"wp:term":[{"taxonomy":"product_brand","embeddable":true,"href":"https:\/\/web2print.ro\/shop\/wp-json\/wp\/v2\/product_brand?post=265850"},{"taxonomy":"product_cat","embeddable":true,"href":"https:\/\/web2print.ro\/shop\/wp-json\/wp\/v2\/product_cat?post=265850"},{"taxonomy":"product_tag","embeddable":true,"href":"https:\/\/web2print.ro\/shop\/wp-json\/wp\/v2\/product_tag?post=265850"}],"curies":[{"name":"wp","href":"https:\/\/api.w.org\/{rel}","templated":true}]}}