{"id":266069,"date":"2025-06-11T11:01:59","date_gmt":"2025-06-11T08:01:59","guid":{"rendered":"https:\/\/localhost\/web2print\/product\/top-t-shirt-arrow\/"},"modified":"2025-12-10T10:42:51","modified_gmt":"2025-12-10T08:42:51","slug":"top-t-shirt-arrow","status":"publish","type":"product","link":"https:\/\/web2print.ro\/shop\/top-t-shirt-arrow\/","title":{"rendered":"Tricou Top Arrow personalizat"},"content":{"rendered":"<p>100% bumbac filat inelar. Melanj alb: 98% bumbac, 2% viscoz\u0103 natural\u0103. Jerseu simplu 160 grs\/m2. Guler rotund cu nervuri. M\u00e2neci lungi cu man\u0219ete. \u00cent\u0103rituri de la um\u0103r la um\u0103r. Cus\u0103turi duble la g\u00e2t, la baz\u0103 \u0219i la m\u00e2neci.<\/p>\n","protected":false},"excerpt":{"rendered":"<p>100% ring spun cotton. White melange: 98% cotton, 2% natural viscose. 160 grs\/m2 single jersey. Ribbedround neck. Long sleeves with cuffs. Shoulder to shoulder reinforcement. Double stitching on neck, bottom andsleeves.<\/p>\n","protected":false},"featured_media":283784,"comment_status":"closed","ping_status":"open","template":"","meta":{"_joinchat":[]},"product_brand":[],"product_cat":[2789],"product_tag":[],"class_list":{"0":"post-266069","1":"product","2":"type-product","3":"status-publish","4":"has-post-thumbnail","6":"product_cat-fara-categorie","8":"first","9":"instock","10":"taxable","11":"shipping-taxable","12":"purchasable","13":"product-type-variable"},"_links":{"self":[{"href":"https:\/\/web2print.ro\/shop\/wp-json\/wp\/v2\/product\/266069","targetHints":{"allow":["GET"]}}],"collection":[{"href":"https:\/\/web2print.ro\/shop\/wp-json\/wp\/v2\/product"}],"about":[{"href":"https:\/\/web2print.ro\/shop\/wp-json\/wp\/v2\/types\/product"}],"replies":[{"embeddable":true,"href":"https:\/\/web2print.ro\/shop\/wp-json\/wp\/v2\/comments?post=266069"}],"wp:featuredmedia":[{"embeddable":true,"href":"https:\/\/web2print.ro\/shop\/wp-json\/wp\/v2\/media\/283784"}],"wp:attachment":[{"href":"https:\/\/web2print.ro\/shop\/wp-json\/wp\/v2\/media?parent=266069"}],"wp:term":[{"taxonomy":"product_brand","embeddable":true,"href":"https:\/\/web2print.ro\/shop\/wp-json\/wp\/v2\/product_brand?post=266069"},{"taxonomy":"product_cat","embeddable":true,"href":"https:\/\/web2print.ro\/shop\/wp-json\/wp\/v2\/product_cat?post=266069"},{"taxonomy":"product_tag","embeddable":true,"href":"https:\/\/web2print.ro\/shop\/wp-json\/wp\/v2\/product_tag?post=266069"}],"curies":[{"name":"wp","href":"https:\/\/api.w.org\/{rel}","templated":true}]}}