{"id":266102,"date":"2025-06-11T11:01:56","date_gmt":"2025-06-11T08:01:56","guid":{"rendered":"https:\/\/localhost\/web2print\/product\/sport-pack-maracana\/"},"modified":"2025-12-10T10:42:23","modified_gmt":"2025-12-10T08:42:23","slug":"sport-pack-maracana","status":"publish","type":"product","link":"https:\/\/web2print.ro\/shop\/sport-pack-maracana\/","title":{"rendered":"Pachet Sport Maracana personalizat"},"content":{"rendered":"<p>100% poliester. Material tehnic respirabil 150 grs\/m2. Tricou cu guler rotund. Pantaloni scur\u021bi cu elastic \u0219i \u0219nururi (doar pentru adul\u021bi). Nu se v\u00e2nd separat. 50 de unit\u0103\u021bi per cutie: 1 m\u0103rime, 1 culoare. Pung\u0103 individual\u0103.<\/p>\n","protected":false},"excerpt":{"rendered":"<p>100% polyester. 150 grs\/m2 breathable technical fabric. Round neck t-shirt. Shorts with elastic anddrawstrings (adult sizes only). Not to be sold separately. 50 units per box: 1 size, 1 color. Individual bag.<\/p>\n","protected":false},"featured_media":282288,"comment_status":"closed","ping_status":"open","template":"","meta":{"_joinchat":[]},"product_brand":[],"product_cat":[2789],"product_tag":[],"class_list":{"0":"post-266102","1":"product","2":"type-product","3":"status-publish","4":"has-post-thumbnail","6":"product_cat-fara-categorie","8":"first","9":"instock","10":"taxable","11":"shipping-taxable","12":"purchasable","13":"product-type-variable"},"_links":{"self":[{"href":"https:\/\/web2print.ro\/shop\/wp-json\/wp\/v2\/product\/266102","targetHints":{"allow":["GET"]}}],"collection":[{"href":"https:\/\/web2print.ro\/shop\/wp-json\/wp\/v2\/product"}],"about":[{"href":"https:\/\/web2print.ro\/shop\/wp-json\/wp\/v2\/types\/product"}],"replies":[{"embeddable":true,"href":"https:\/\/web2print.ro\/shop\/wp-json\/wp\/v2\/comments?post=266102"}],"wp:featuredmedia":[{"embeddable":true,"href":"https:\/\/web2print.ro\/shop\/wp-json\/wp\/v2\/media\/282288"}],"wp:attachment":[{"href":"https:\/\/web2print.ro\/shop\/wp-json\/wp\/v2\/media?parent=266102"}],"wp:term":[{"taxonomy":"product_brand","embeddable":true,"href":"https:\/\/web2print.ro\/shop\/wp-json\/wp\/v2\/product_brand?post=266102"},{"taxonomy":"product_cat","embeddable":true,"href":"https:\/\/web2print.ro\/shop\/wp-json\/wp\/v2\/product_cat?post=266102"},{"taxonomy":"product_tag","embeddable":true,"href":"https:\/\/web2print.ro\/shop\/wp-json\/wp\/v2\/product_tag?post=266102"}],"curies":[{"name":"wp","href":"https:\/\/api.w.org\/{rel}","templated":true}]}}