{"id":266388,"date":"2025-06-11T11:01:43","date_gmt":"2025-06-11T08:01:43","guid":{"rendered":"https:\/\/localhost\/web2print\/product\/richard-vest\/"},"modified":"2025-12-10T10:42:34","modified_gmt":"2025-12-10T08:42:34","slug":"richard-vest","status":"publish","type":"product","link":"https:\/\/web2print.ro\/shop\/richard-vest\/","title":{"rendered":"RICHARD VEST personalizat\u0103"},"content":{"rendered":"<p>Material twill 100% bumbac 250 grs\/m2. C\u0103ptu\u0219it 100% poliester 250 grs\/m2. Guler \u00eenalt. Fermoar complet cu \u00eenchidere cu capse. 6 buzunare \u00een fa\u021b\u0103. 2 compartimente pentru pixuri. 1 buzunar interior. \u0218nururi cu opritoare \u00een partea de jos. Fermoar interior pentru brodare\/prindere u\u0219oar\u0103.<\/p>\n","protected":false},"excerpt":{"rendered":"<p>100% cotton 250 grs\/m2 twill fabric. Padded 100% polyester 250 grs\/m2. High neck. Full zip with snap closure placket. 6 pockets in front. 2 pen compartments. 1 Inner pocket. Drawstrings with stoppers on bottom. Inside zipper for easy embroidering\/pri<\/p>\n","protected":false},"featured_media":266397,"comment_status":"closed","ping_status":"closed","template":"","meta":{"_joinchat":[]},"product_brand":[],"product_cat":[2789],"product_tag":[],"class_list":{"0":"post-266388","1":"product","2":"type-product","3":"status-publish","4":"has-post-thumbnail","6":"product_cat-fara-categorie","8":"first","9":"instock","10":"taxable","11":"shipping-taxable","12":"purchasable","13":"product-type-variable"},"_links":{"self":[{"href":"https:\/\/web2print.ro\/shop\/wp-json\/wp\/v2\/product\/266388","targetHints":{"allow":["GET"]}}],"collection":[{"href":"https:\/\/web2print.ro\/shop\/wp-json\/wp\/v2\/product"}],"about":[{"href":"https:\/\/web2print.ro\/shop\/wp-json\/wp\/v2\/types\/product"}],"replies":[{"embeddable":true,"href":"https:\/\/web2print.ro\/shop\/wp-json\/wp\/v2\/comments?post=266388"}],"wp:featuredmedia":[{"embeddable":true,"href":"https:\/\/web2print.ro\/shop\/wp-json\/wp\/v2\/media\/266397"}],"wp:attachment":[{"href":"https:\/\/web2print.ro\/shop\/wp-json\/wp\/v2\/media?parent=266388"}],"wp:term":[{"taxonomy":"product_brand","embeddable":true,"href":"https:\/\/web2print.ro\/shop\/wp-json\/wp\/v2\/product_brand?post=266388"},{"taxonomy":"product_cat","embeddable":true,"href":"https:\/\/web2print.ro\/shop\/wp-json\/wp\/v2\/product_cat?post=266388"},{"taxonomy":"product_tag","embeddable":true,"href":"https:\/\/web2print.ro\/shop\/wp-json\/wp\/v2\/product_tag?post=266388"}],"curies":[{"name":"wp","href":"https:\/\/api.w.org\/{rel}","templated":true}]}}