{"id":266464,"date":"2025-06-11T11:01:40","date_gmt":"2025-06-11T08:01:40","guid":{"rendered":"https:\/\/localhost\/web2print\/product\/boxer-discovery\/"},"modified":"2025-12-10T10:42:36","modified_gmt":"2025-12-10T08:42:36","slug":"boxer-discovery","status":"publish","type":"product","link":"https:\/\/web2print.ro\/shop\/boxer-discovery\/","title":{"rendered":"Boxeri Discovery personalizate"},"content":{"rendered":"<p>90% poliamid\u0103, 10% elastan. Jersey simplu elastic 180 g\/m2. F\u0103r\u0103 cus\u0103turi. Elastic \u00een talie \u0219i pe picior. 100 de buc\u0103\u021bi per cutie. Pung\u0103 individual\u0103.<\/p>\n","protected":false},"excerpt":{"rendered":"<p>90% polyamide, 10% elastane. 180 g\/m2 elastic single jersey. Seamless. Elastic waist and leg band.100 units per box. Individual bag.<\/p>\n","protected":false},"featured_media":284418,"comment_status":"closed","ping_status":"open","template":"","meta":{"_joinchat":[]},"product_brand":[],"product_cat":[2789],"product_tag":[],"class_list":{"0":"post-266464","1":"product","2":"type-product","3":"status-publish","4":"has-post-thumbnail","6":"product_cat-fara-categorie","8":"first","9":"instock","10":"taxable","11":"shipping-taxable","12":"purchasable","13":"product-type-variable"},"_links":{"self":[{"href":"https:\/\/web2print.ro\/shop\/wp-json\/wp\/v2\/product\/266464","targetHints":{"allow":["GET"]}}],"collection":[{"href":"https:\/\/web2print.ro\/shop\/wp-json\/wp\/v2\/product"}],"about":[{"href":"https:\/\/web2print.ro\/shop\/wp-json\/wp\/v2\/types\/product"}],"replies":[{"embeddable":true,"href":"https:\/\/web2print.ro\/shop\/wp-json\/wp\/v2\/comments?post=266464"}],"wp:featuredmedia":[{"embeddable":true,"href":"https:\/\/web2print.ro\/shop\/wp-json\/wp\/v2\/media\/284418"}],"wp:attachment":[{"href":"https:\/\/web2print.ro\/shop\/wp-json\/wp\/v2\/media?parent=266464"}],"wp:term":[{"taxonomy":"product_brand","embeddable":true,"href":"https:\/\/web2print.ro\/shop\/wp-json\/wp\/v2\/product_brand?post=266464"},{"taxonomy":"product_cat","embeddable":true,"href":"https:\/\/web2print.ro\/shop\/wp-json\/wp\/v2\/product_cat?post=266464"},{"taxonomy":"product_tag","embeddable":true,"href":"https:\/\/web2print.ro\/shop\/wp-json\/wp\/v2\/product_tag?post=266464"}],"curies":[{"name":"wp","href":"https:\/\/api.w.org\/{rel}","templated":true}]}}