{"id":266469,"date":"2025-06-11T11:01:38","date_gmt":"2025-06-11T08:01:38","guid":{"rendered":"https:\/\/localhost\/web2print\/product\/slip-zeus\/"},"modified":"2025-12-10T10:42:38","modified_gmt":"2025-12-10T08:42:38","slug":"slip-zeus","status":"publish","type":"product","link":"https:\/\/web2print.ro\/shop\/slip-zeus\/","title":{"rendered":"Slip Zeus personalizat"},"content":{"rendered":"<p>90% poliamid\u0103, 10% elastan. Jersey simplu elastic 180 g\/m2. F\u0103r\u0103 cus\u0103turi. Talie elastic\u0103. 100 de buc\u0103\u021bi per cutie. Pung\u0103 individual\u0103.<\/p>\n","protected":false},"excerpt":{"rendered":"<p>90% polyamide, 10% elastane. 180 g\/m2 elastic single jersey. Seamless. Elastic waistband. 100 unitsper box. Individual bag.<\/p>\n","protected":false},"featured_media":284428,"comment_status":"closed","ping_status":"open","template":"","meta":{"_joinchat":[]},"product_brand":[],"product_cat":[2789],"product_tag":[],"class_list":{"0":"post-266469","1":"product","2":"type-product","3":"status-publish","4":"has-post-thumbnail","6":"product_cat-fara-categorie","8":"first","9":"instock","10":"taxable","11":"shipping-taxable","12":"purchasable","13":"product-type-variable"},"_links":{"self":[{"href":"https:\/\/web2print.ro\/shop\/wp-json\/wp\/v2\/product\/266469","targetHints":{"allow":["GET"]}}],"collection":[{"href":"https:\/\/web2print.ro\/shop\/wp-json\/wp\/v2\/product"}],"about":[{"href":"https:\/\/web2print.ro\/shop\/wp-json\/wp\/v2\/types\/product"}],"replies":[{"embeddable":true,"href":"https:\/\/web2print.ro\/shop\/wp-json\/wp\/v2\/comments?post=266469"}],"wp:featuredmedia":[{"embeddable":true,"href":"https:\/\/web2print.ro\/shop\/wp-json\/wp\/v2\/media\/284428"}],"wp:attachment":[{"href":"https:\/\/web2print.ro\/shop\/wp-json\/wp\/v2\/media?parent=266469"}],"wp:term":[{"taxonomy":"product_brand","embeddable":true,"href":"https:\/\/web2print.ro\/shop\/wp-json\/wp\/v2\/product_brand?post=266469"},{"taxonomy":"product_cat","embeddable":true,"href":"https:\/\/web2print.ro\/shop\/wp-json\/wp\/v2\/product_cat?post=266469"},{"taxonomy":"product_tag","embeddable":true,"href":"https:\/\/web2print.ro\/shop\/wp-json\/wp\/v2\/product_tag?post=266469"}],"curies":[{"name":"wp","href":"https:\/\/api.w.org\/{rel}","templated":true}]}}