{"id":266506,"date":"2025-06-11T11:01:35","date_gmt":"2025-06-11T08:01:35","guid":{"rendered":"https:\/\/localhost\/web2print\/product\/winter-socks-carabu\/"},"modified":"2025-12-10T10:42:19","modified_gmt":"2025-12-10T08:42:19","slug":"winter-socks-carabu","status":"publish","type":"product","link":"https:\/\/web2print.ro\/shop\/winter-socks-carabu\/","title":{"rendered":"\u0218osete de iarn\u0103 Carabu personalizate"},"content":{"rendered":"<p>7% nailon, 80% poliester, 13% elastan. Material respirabil \u0219i elastic, 650 g\/m2. \u00cent\u0103riri la c\u0103lc\u00e2i \u0219i v\u00e2rfuri. Man\u0219et\u0103 \u0219i mijlocul piciorului cu elastic. 100 de unit\u0103\u021bi per cutie. Pung\u0103 individual\u0103.<\/p>\n","protected":false},"excerpt":{"rendered":"<p>7% nylon, 80% polyester, 13% elastane. 650 g\/m2 breathable and elasticfabric. Heel and toe reinforcement. Cuff and midfoot with elastic. 100 units perbox. Individual bag.<\/p>\n","protected":false},"featured_media":266513,"comment_status":"closed","ping_status":"closed","template":"","meta":{"_joinchat":[]},"product_brand":[],"product_cat":[2789],"product_tag":[],"class_list":{"0":"post-266506","1":"product","2":"type-product","3":"status-publish","4":"has-post-thumbnail","6":"product_cat-fara-categorie","8":"first","9":"instock","10":"taxable","11":"shipping-taxable","12":"purchasable","13":"product-type-variable"},"_links":{"self":[{"href":"https:\/\/web2print.ro\/shop\/wp-json\/wp\/v2\/product\/266506","targetHints":{"allow":["GET"]}}],"collection":[{"href":"https:\/\/web2print.ro\/shop\/wp-json\/wp\/v2\/product"}],"about":[{"href":"https:\/\/web2print.ro\/shop\/wp-json\/wp\/v2\/types\/product"}],"replies":[{"embeddable":true,"href":"https:\/\/web2print.ro\/shop\/wp-json\/wp\/v2\/comments?post=266506"}],"wp:featuredmedia":[{"embeddable":true,"href":"https:\/\/web2print.ro\/shop\/wp-json\/wp\/v2\/media\/266513"}],"wp:attachment":[{"href":"https:\/\/web2print.ro\/shop\/wp-json\/wp\/v2\/media?parent=266506"}],"wp:term":[{"taxonomy":"product_brand","embeddable":true,"href":"https:\/\/web2print.ro\/shop\/wp-json\/wp\/v2\/product_brand?post=266506"},{"taxonomy":"product_cat","embeddable":true,"href":"https:\/\/web2print.ro\/shop\/wp-json\/wp\/v2\/product_cat?post=266506"},{"taxonomy":"product_tag","embeddable":true,"href":"https:\/\/web2print.ro\/shop\/wp-json\/wp\/v2\/product_tag?post=266506"}],"curies":[{"name":"wp","href":"https:\/\/api.w.org\/{rel}","templated":true}]}}