{"id":266526,"date":"2025-06-11T11:01:32","date_gmt":"2025-06-11T08:01:32","guid":{"rendered":"https:\/\/localhost\/web2print\/product\/sport-socks-fenix\/"},"modified":"2025-12-10T10:42:21","modified_gmt":"2025-12-10T08:42:21","slug":"sport-socks-fenix","status":"publish","type":"product","link":"https:\/\/web2print.ro\/shop\/sport-socks-fenix\/","title":{"rendered":"\u0218osete sportive Fenix personalizate"},"content":{"rendered":"<p>83% bumbac, 11% elastan, 6% nailon. Material respirabil \u0219i elastic, 425 g\/m2. \u00cent\u0103rituri la c\u0103lc\u00e2i \u0219i degete. Man\u0219et\u0103 \u0219i mijlocul piciorului cu elastic. 100 de unit\u0103\u021bi per cutie. Pung\u0103 individual\u0103.<\/p>\n","protected":false},"excerpt":{"rendered":"<p>83% cotton, 11% elastane, 6% nylon. 425 g\/m2 breathable and elastic fabric. Heel and toereinforcement. Cuff and midfoot with elastic. 100 units per box. Individual bag.<\/p>\n","protected":false},"featured_media":284476,"comment_status":"closed","ping_status":"open","template":"","meta":{"_joinchat":[]},"product_brand":[],"product_cat":[2789],"product_tag":[],"class_list":{"0":"post-266526","1":"product","2":"type-product","3":"status-publish","4":"has-post-thumbnail","6":"product_cat-fara-categorie","8":"first","9":"instock","10":"taxable","11":"shipping-taxable","12":"purchasable","13":"product-type-variable"},"_links":{"self":[{"href":"https:\/\/web2print.ro\/shop\/wp-json\/wp\/v2\/product\/266526","targetHints":{"allow":["GET"]}}],"collection":[{"href":"https:\/\/web2print.ro\/shop\/wp-json\/wp\/v2\/product"}],"about":[{"href":"https:\/\/web2print.ro\/shop\/wp-json\/wp\/v2\/types\/product"}],"replies":[{"embeddable":true,"href":"https:\/\/web2print.ro\/shop\/wp-json\/wp\/v2\/comments?post=266526"}],"wp:featuredmedia":[{"embeddable":true,"href":"https:\/\/web2print.ro\/shop\/wp-json\/wp\/v2\/media\/284476"}],"wp:attachment":[{"href":"https:\/\/web2print.ro\/shop\/wp-json\/wp\/v2\/media?parent=266526"}],"wp:term":[{"taxonomy":"product_brand","embeddable":true,"href":"https:\/\/web2print.ro\/shop\/wp-json\/wp\/v2\/product_brand?post=266526"},{"taxonomy":"product_cat","embeddable":true,"href":"https:\/\/web2print.ro\/shop\/wp-json\/wp\/v2\/product_cat?post=266526"},{"taxonomy":"product_tag","embeddable":true,"href":"https:\/\/web2print.ro\/shop\/wp-json\/wp\/v2\/product_tag?post=266526"}],"curies":[{"name":"wp","href":"https:\/\/api.w.org\/{rel}","templated":true}]}}