{"id":266632,"date":"2025-06-11T11:01:20","date_gmt":"2025-06-11T08:01:20","guid":{"rendered":"https:\/\/localhost\/web2print\/product\/husky-jacket-baltimore\/"},"modified":"2025-12-10T10:42:05","modified_gmt":"2025-12-10T08:42:05","slug":"husky-jacket-baltimore","status":"publish","type":"product","link":"https:\/\/web2print.ro\/shop\/husky-jacket-baltimore\/","title":{"rendered":"Jachet\u0103 Husky Baltimore personalizat\u0103"},"content":{"rendered":"<p>Material exterior 100% poliester microfibre. Matlasare \u00een romburi stil Husky. Guler \u00eenalt. Fermoar frontal complet sub vest\u0103 cu capse. 2 buzunare laterale inferioare cu capse. 10 unit\u0103\u021bi per cutie: 1 m\u0103rime. Pung\u0103 individual\u0103.<\/p>\n","protected":false},"excerpt":{"rendered":"<p>100% polyester micro ber fabric outside. Husky style rhombus quilting. High neck. Total front zipper under ap with snaps. 2 bottom ap pockets with snaps. 10 units per box: 1 size. Individual bag.<\/p>\n","protected":false},"featured_media":266641,"comment_status":"closed","ping_status":"closed","template":"","meta":{"_joinchat":[]},"product_brand":[],"product_cat":[2789],"product_tag":[],"class_list":{"0":"post-266632","1":"product","2":"type-product","3":"status-publish","4":"has-post-thumbnail","6":"product_cat-fara-categorie","8":"first","9":"instock","10":"taxable","11":"shipping-taxable","12":"purchasable","13":"product-type-variable"},"_links":{"self":[{"href":"https:\/\/web2print.ro\/shop\/wp-json\/wp\/v2\/product\/266632","targetHints":{"allow":["GET"]}}],"collection":[{"href":"https:\/\/web2print.ro\/shop\/wp-json\/wp\/v2\/product"}],"about":[{"href":"https:\/\/web2print.ro\/shop\/wp-json\/wp\/v2\/types\/product"}],"replies":[{"embeddable":true,"href":"https:\/\/web2print.ro\/shop\/wp-json\/wp\/v2\/comments?post=266632"}],"wp:featuredmedia":[{"embeddable":true,"href":"https:\/\/web2print.ro\/shop\/wp-json\/wp\/v2\/media\/266641"}],"wp:attachment":[{"href":"https:\/\/web2print.ro\/shop\/wp-json\/wp\/v2\/media?parent=266632"}],"wp:term":[{"taxonomy":"product_brand","embeddable":true,"href":"https:\/\/web2print.ro\/shop\/wp-json\/wp\/v2\/product_brand?post=266632"},{"taxonomy":"product_cat","embeddable":true,"href":"https:\/\/web2print.ro\/shop\/wp-json\/wp\/v2\/product_cat?post=266632"},{"taxonomy":"product_tag","embeddable":true,"href":"https:\/\/web2print.ro\/shop\/wp-json\/wp\/v2\/product_tag?post=266632"}],"curies":[{"name":"wp","href":"https:\/\/api.w.org\/{rel}","templated":true}]}}