{"id":266756,"date":"2025-06-11T11:01:11","date_gmt":"2025-06-11T08:01:11","guid":{"rendered":"https:\/\/localhost\/web2print\/product\/jacket-dallas\/"},"modified":"2025-12-10T10:42:12","modified_gmt":"2025-12-10T08:42:12","slug":"jacket-dallas","status":"publish","type":"product","link":"https:\/\/web2print.ro\/shop\/jacket-dallas\/","title":{"rendered":"Geac\u0103 Dallas personalizat\u0103"},"content":{"rendered":"<p>JACHET\u0102 DALLAS ORION BLEUMARIN &#8211; S<\/p>\n","protected":false},"excerpt":{"rendered":"<p>JACKET DALLAS ORION NAVY BLUE &#8211; S<\/p>\n","protected":false},"featured_media":266777,"comment_status":"closed","ping_status":"closed","template":"","meta":{"_joinchat":[]},"product_brand":[],"product_cat":[2789],"product_tag":[],"class_list":{"0":"post-266756","1":"product","2":"type-product","3":"status-publish","4":"has-post-thumbnail","6":"product_cat-fara-categorie","8":"first","9":"instock","10":"taxable","11":"shipping-taxable","12":"purchasable","13":"product-type-variable"},"_links":{"self":[{"href":"https:\/\/web2print.ro\/shop\/wp-json\/wp\/v2\/product\/266756","targetHints":{"allow":["GET"]}}],"collection":[{"href":"https:\/\/web2print.ro\/shop\/wp-json\/wp\/v2\/product"}],"about":[{"href":"https:\/\/web2print.ro\/shop\/wp-json\/wp\/v2\/types\/product"}],"replies":[{"embeddable":true,"href":"https:\/\/web2print.ro\/shop\/wp-json\/wp\/v2\/comments?post=266756"}],"wp:featuredmedia":[{"embeddable":true,"href":"https:\/\/web2print.ro\/shop\/wp-json\/wp\/v2\/media\/266777"}],"wp:attachment":[{"href":"https:\/\/web2print.ro\/shop\/wp-json\/wp\/v2\/media?parent=266756"}],"wp:term":[{"taxonomy":"product_brand","embeddable":true,"href":"https:\/\/web2print.ro\/shop\/wp-json\/wp\/v2\/product_brand?post=266756"},{"taxonomy":"product_cat","embeddable":true,"href":"https:\/\/web2print.ro\/shop\/wp-json\/wp\/v2\/product_cat?post=266756"},{"taxonomy":"product_tag","embeddable":true,"href":"https:\/\/web2print.ro\/shop\/wp-json\/wp\/v2\/product_tag?post=266756"}],"curies":[{"name":"wp","href":"https:\/\/api.w.org\/{rel}","templated":true}]}}