{"id":266788,"date":"2025-06-11T11:01:08","date_gmt":"2025-06-11T08:01:08","guid":{"rendered":"https:\/\/localhost\/web2print\/product\/fleetwood-jacket\/"},"modified":"2025-12-10T10:42:13","modified_gmt":"2025-12-10T08:42:13","slug":"fleetwood-jacket","status":"publish","type":"product","link":"https:\/\/web2print.ro\/shop\/fleetwood-jacket\/","title":{"rendered":"Jachet\u0103 Fleetwood personalizat\u0103"},"content":{"rendered":"<p>Material exterior 100% poliester. C\u0103ptu\u0219it 100% poliester 350 grs\/m2. Guler \u00eenalt. Fermoar frontal complet. 2 buzunare cu fermoar. Glug\u0103 cu interior din fleece. Buc\u0103\u021bi per cutie. 5 unit\u0103\u021bi per cutie. 1 unitate per pachet: 1 m\u0103rime, 1 culoare.<\/p>\n","protected":false},"excerpt":{"rendered":"<p>Outside fabric 100% polyester. Padded 100% polyester 350 grs\/m2. High neck. Total front zip. 2 zip pockets. Hood with polar fleece inside. Unites per box. 5 unites per box. 1 unit per package: 1 size, 1 color.<\/p>\n","protected":false},"featured_media":284615,"comment_status":"closed","ping_status":"open","template":"","meta":{"_joinchat":[]},"product_brand":[],"product_cat":[2789],"product_tag":[],"class_list":{"0":"post-266788","1":"product","2":"type-product","3":"status-publish","4":"has-post-thumbnail","6":"product_cat-fara-categorie","8":"first","9":"instock","10":"taxable","11":"shipping-taxable","12":"purchasable","13":"product-type-variable"},"_links":{"self":[{"href":"https:\/\/web2print.ro\/shop\/wp-json\/wp\/v2\/product\/266788","targetHints":{"allow":["GET"]}}],"collection":[{"href":"https:\/\/web2print.ro\/shop\/wp-json\/wp\/v2\/product"}],"about":[{"href":"https:\/\/web2print.ro\/shop\/wp-json\/wp\/v2\/types\/product"}],"replies":[{"embeddable":true,"href":"https:\/\/web2print.ro\/shop\/wp-json\/wp\/v2\/comments?post=266788"}],"wp:featuredmedia":[{"embeddable":true,"href":"https:\/\/web2print.ro\/shop\/wp-json\/wp\/v2\/media\/284615"}],"wp:attachment":[{"href":"https:\/\/web2print.ro\/shop\/wp-json\/wp\/v2\/media?parent=266788"}],"wp:term":[{"taxonomy":"product_brand","embeddable":true,"href":"https:\/\/web2print.ro\/shop\/wp-json\/wp\/v2\/product_brand?post=266788"},{"taxonomy":"product_cat","embeddable":true,"href":"https:\/\/web2print.ro\/shop\/wp-json\/wp\/v2\/product_cat?post=266788"},{"taxonomy":"product_tag","embeddable":true,"href":"https:\/\/web2print.ro\/shop\/wp-json\/wp\/v2\/product_tag?post=266788"}],"curies":[{"name":"wp","href":"https:\/\/api.w.org\/{rel}","templated":true}]}}