{"id":266937,"date":"2025-06-11T11:01:02","date_gmt":"2025-06-11T08:01:02","guid":{"rendered":"https:\/\/localhost\/web2print\/product\/softshell-jacket-maidu\/"},"modified":"2025-12-10T10:41:57","modified_gmt":"2025-12-10T08:41:57","slug":"softshell-jacket-maidu","status":"publish","type":"product","link":"https:\/\/web2print.ro\/shop\/softshell-jacket-maidu\/","title":{"rendered":"Jachet\u0103 softshell Maidu personalizat\u0103"},"content":{"rendered":"<p>100% poliester. Material softshell de 475 grs\/m2. Guler \u00eenalt. 2 buzunare laterale cu fermoar. Fermoar frontal complet sub jachet\u0103 cu capse. 10 unit\u0103\u021bi per cutie: 1 m\u0103rime, 1 culoare. Pung\u0103 individual\u0103.<\/p>\n","protected":false},"excerpt":{"rendered":"<p>100% polyester. 475 grs\/m2 softshell fabric. High collar. 2 lateral zip pockets. Total front zipper under ap with snaps. 10 units per box: 1 size, 1 color. Individual bag.<\/p>\n","protected":false},"featured_media":266954,"comment_status":"closed","ping_status":"closed","template":"","meta":{"_joinchat":[]},"product_brand":[],"product_cat":[2789],"product_tag":[],"class_list":{"0":"post-266937","1":"product","2":"type-product","3":"status-publish","4":"has-post-thumbnail","6":"product_cat-fara-categorie","8":"first","9":"instock","10":"taxable","11":"shipping-taxable","12":"purchasable","13":"product-type-variable"},"_links":{"self":[{"href":"https:\/\/web2print.ro\/shop\/wp-json\/wp\/v2\/product\/266937","targetHints":{"allow":["GET"]}}],"collection":[{"href":"https:\/\/web2print.ro\/shop\/wp-json\/wp\/v2\/product"}],"about":[{"href":"https:\/\/web2print.ro\/shop\/wp-json\/wp\/v2\/types\/product"}],"replies":[{"embeddable":true,"href":"https:\/\/web2print.ro\/shop\/wp-json\/wp\/v2\/comments?post=266937"}],"wp:featuredmedia":[{"embeddable":true,"href":"https:\/\/web2print.ro\/shop\/wp-json\/wp\/v2\/media\/266954"}],"wp:attachment":[{"href":"https:\/\/web2print.ro\/shop\/wp-json\/wp\/v2\/media?parent=266937"}],"wp:term":[{"taxonomy":"product_brand","embeddable":true,"href":"https:\/\/web2print.ro\/shop\/wp-json\/wp\/v2\/product_brand?post=266937"},{"taxonomy":"product_cat","embeddable":true,"href":"https:\/\/web2print.ro\/shop\/wp-json\/wp\/v2\/product_cat?post=266937"},{"taxonomy":"product_tag","embeddable":true,"href":"https:\/\/web2print.ro\/shop\/wp-json\/wp\/v2\/product_tag?post=266937"}],"curies":[{"name":"wp","href":"https:\/\/api.w.org\/{rel}","templated":true}]}}