{"id":267102,"date":"2025-06-11T11:00:51","date_gmt":"2025-06-11T08:00:51","guid":{"rendered":"https:\/\/localhost\/web2print\/product\/softshell-jacket-saponi\/"},"modified":"2025-12-10T10:42:00","modified_gmt":"2025-12-10T08:42:00","slug":"softshell-jacket-saponi","status":"publish","type":"product","link":"https:\/\/web2print.ro\/shop\/softshell-jacket-saponi\/","title":{"rendered":"Jachet\u0103 softshell Saponi personalizat\u0103"},"content":{"rendered":"<p>90% poliamid\u0103, 10% elastan. Material softshell 350 grs\/m2. Guler \u00eenalt. Margini laterale, coate, umeri \u0219i partea de jos sunt de culoare neagr\u0103. 3 buzunare cu fermoar. Fermoar frontal complet. Man\u0219ete reglabile cu velcro. \u00cenchidere cu snur \u00een interior (doar pentru m\u0103rimi pentru adul\u021bi). 10 unit\u0103\u021bi per cutie: 1 m\u0103rime, 1 culoare.<\/p>\n","protected":false},"excerpt":{"rendered":"<p>90% polyamide, 10% elastane. 350 grs\/m2 softshell fabric. High collar. Laterals, elbows, shoulders andbottom in black color. 3 zip pockets.Total front zip.Adjustable velcro cuffs. Cord lock inside (adult sizesonly). 10 units per box: 1 size, 1 color.<\/p>\n","protected":false},"featured_media":267112,"comment_status":"closed","ping_status":"closed","template":"","meta":{"_joinchat":[]},"product_brand":[],"product_cat":[2789],"product_tag":[],"class_list":{"0":"post-267102","1":"product","2":"type-product","3":"status-publish","4":"has-post-thumbnail","6":"product_cat-fara-categorie","8":"first","9":"instock","10":"taxable","11":"shipping-taxable","12":"purchasable","13":"product-type-variable"},"_links":{"self":[{"href":"https:\/\/web2print.ro\/shop\/wp-json\/wp\/v2\/product\/267102","targetHints":{"allow":["GET"]}}],"collection":[{"href":"https:\/\/web2print.ro\/shop\/wp-json\/wp\/v2\/product"}],"about":[{"href":"https:\/\/web2print.ro\/shop\/wp-json\/wp\/v2\/types\/product"}],"replies":[{"embeddable":true,"href":"https:\/\/web2print.ro\/shop\/wp-json\/wp\/v2\/comments?post=267102"}],"wp:featuredmedia":[{"embeddable":true,"href":"https:\/\/web2print.ro\/shop\/wp-json\/wp\/v2\/media\/267112"}],"wp:attachment":[{"href":"https:\/\/web2print.ro\/shop\/wp-json\/wp\/v2\/media?parent=267102"}],"wp:term":[{"taxonomy":"product_brand","embeddable":true,"href":"https:\/\/web2print.ro\/shop\/wp-json\/wp\/v2\/product_brand?post=267102"},{"taxonomy":"product_cat","embeddable":true,"href":"https:\/\/web2print.ro\/shop\/wp-json\/wp\/v2\/product_cat?post=267102"},{"taxonomy":"product_tag","embeddable":true,"href":"https:\/\/web2print.ro\/shop\/wp-json\/wp\/v2\/product_tag?post=267102"}],"curies":[{"name":"wp","href":"https:\/\/api.w.org\/{rel}","templated":true}]}}