{"id":267126,"date":"2025-06-11T11:00:48","date_gmt":"2025-06-11T08:00:48","guid":{"rendered":"https:\/\/localhost\/web2print\/product\/softshell-jacket-storm\/"},"modified":"2025-12-10T10:42:01","modified_gmt":"2025-12-10T08:42:01","slug":"softshell-jacket-storm","status":"publish","type":"product","link":"https:\/\/web2print.ro\/shop\/softshell-jacket-storm\/","title":{"rendered":"Jachet\u0103 softshell Storm personalizat\u0103"},"content":{"rendered":"<p>85% poliester, 10% PU, 5% elastan. Material softshell 350 grs\/m2. Benzi retroreflectorizante cusute \u00een jurul corpului \u0219i bra\u021belor. 2 buzunare cu fermoar. Fermoar frontal. 20 de unit\u0103\u021bi per cutie: 1 m\u0103rime, 1 culoare. Pung\u0103 individual\u0103.<\/p>\n","protected":false},"excerpt":{"rendered":"<p>90% polyamide, 10% elastane. 350 grs\/m2 softshell fabric. Sewn retrore ective bands around thebody and arms. 2 zip pockets. Front zip. 20 units per box: 1 size, 1 color. Individual bag.<\/p>\n","protected":false},"featured_media":267147,"comment_status":"closed","ping_status":"closed","template":"","meta":{"_joinchat":[]},"product_brand":[],"product_cat":[2789],"product_tag":[],"class_list":{"0":"post-267126","1":"product","2":"type-product","3":"status-publish","4":"has-post-thumbnail","6":"product_cat-fara-categorie","8":"first","9":"instock","10":"taxable","11":"shipping-taxable","12":"purchasable","13":"product-type-variable"},"_links":{"self":[{"href":"https:\/\/web2print.ro\/shop\/wp-json\/wp\/v2\/product\/267126","targetHints":{"allow":["GET"]}}],"collection":[{"href":"https:\/\/web2print.ro\/shop\/wp-json\/wp\/v2\/product"}],"about":[{"href":"https:\/\/web2print.ro\/shop\/wp-json\/wp\/v2\/types\/product"}],"replies":[{"embeddable":true,"href":"https:\/\/web2print.ro\/shop\/wp-json\/wp\/v2\/comments?post=267126"}],"wp:featuredmedia":[{"embeddable":true,"href":"https:\/\/web2print.ro\/shop\/wp-json\/wp\/v2\/media\/267147"}],"wp:attachment":[{"href":"https:\/\/web2print.ro\/shop\/wp-json\/wp\/v2\/media?parent=267126"}],"wp:term":[{"taxonomy":"product_brand","embeddable":true,"href":"https:\/\/web2print.ro\/shop\/wp-json\/wp\/v2\/product_brand?post=267126"},{"taxonomy":"product_cat","embeddable":true,"href":"https:\/\/web2print.ro\/shop\/wp-json\/wp\/v2\/product_cat?post=267126"},{"taxonomy":"product_tag","embeddable":true,"href":"https:\/\/web2print.ro\/shop\/wp-json\/wp\/v2\/product_tag?post=267126"}],"curies":[{"name":"wp","href":"https:\/\/api.w.org\/{rel}","templated":true}]}}