{"id":267158,"date":"2025-06-11T11:00:47","date_gmt":"2025-06-11T08:00:47","guid":{"rendered":"https:\/\/localhost\/web2print\/product\/sport-jacket-versus\/"},"modified":"2025-12-10T10:42:02","modified_gmt":"2025-12-10T08:42:02","slug":"sport-jacket-versus","status":"publish","type":"product","link":"https:\/\/web2print.ro\/shop\/sport-jacket-versus\/","title":{"rendered":"Jachet\u0103 sport Versus personalizat\u0103"},"content":{"rendered":"<p>100% poliester. Material micro-corduroy cu onduleuri intercalate 250 grs\/m2. 2 buzunare cu fermoar. Fermoar frontal complet. O singur\u0103 culoare pe spate. Jacheta \u0219i pantalonii se pot vinde separat. 20 de unit\u0103\u021bi per cutie: 1 m\u0103rime, 1 culoare. Pung\u0103 individual\u0103.<\/p>\n","protected":false},"excerpt":{"rendered":"<p>100% polyester. 250 grs\/m2 micro corduroy inter-wave fabric. 2 zip pockets. Total front zip. Only one colorin back. Jacket and trousers can be sold separately. 20 units per box: 1 size, 1 color. Individual bag.<\/p>\n","protected":false},"featured_media":282469,"comment_status":"closed","ping_status":"open","template":"","meta":{"_joinchat":[]},"product_brand":[],"product_cat":[2789],"product_tag":[],"class_list":{"0":"post-267158","1":"product","2":"type-product","3":"status-publish","4":"has-post-thumbnail","6":"product_cat-fara-categorie","8":"first","9":"instock","10":"taxable","11":"shipping-taxable","12":"purchasable","13":"product-type-variable"},"_links":{"self":[{"href":"https:\/\/web2print.ro\/shop\/wp-json\/wp\/v2\/product\/267158","targetHints":{"allow":["GET"]}}],"collection":[{"href":"https:\/\/web2print.ro\/shop\/wp-json\/wp\/v2\/product"}],"about":[{"href":"https:\/\/web2print.ro\/shop\/wp-json\/wp\/v2\/types\/product"}],"replies":[{"embeddable":true,"href":"https:\/\/web2print.ro\/shop\/wp-json\/wp\/v2\/comments?post=267158"}],"wp:featuredmedia":[{"embeddable":true,"href":"https:\/\/web2print.ro\/shop\/wp-json\/wp\/v2\/media\/282469"}],"wp:attachment":[{"href":"https:\/\/web2print.ro\/shop\/wp-json\/wp\/v2\/media?parent=267158"}],"wp:term":[{"taxonomy":"product_brand","embeddable":true,"href":"https:\/\/web2print.ro\/shop\/wp-json\/wp\/v2\/product_brand?post=267158"},{"taxonomy":"product_cat","embeddable":true,"href":"https:\/\/web2print.ro\/shop\/wp-json\/wp\/v2\/product_cat?post=267158"},{"taxonomy":"product_tag","embeddable":true,"href":"https:\/\/web2print.ro\/shop\/wp-json\/wp\/v2\/product_tag?post=267158"}],"curies":[{"name":"wp","href":"https:\/\/api.w.org\/{rel}","templated":true}]}}