{"id":267163,"date":"2025-06-11T11:00:46","date_gmt":"2025-06-11T08:00:46","guid":{"rendered":"https:\/\/localhost\/web2print\/product\/rain-jacket-walter\/"},"modified":"2025-12-10T10:42:04","modified_gmt":"2025-12-10T08:42:04","slug":"rain-jacket-walter","status":"publish","type":"product","link":"https:\/\/web2print.ro\/shop\/rain-jacket-walter\/","title":{"rendered":"Jachet\u0103 de ploaie Walter personalizat\u0103"},"content":{"rendered":"<p>Material simplu din poliester cu \u00eenveli\u0219 din PVC. Guler \u00eenalt. Fermoar frontal complet. Glug\u0103 cu \u0219nur reglabil ascuns \u00een banda de la g\u00e2t. Ventila\u021bie la spate. Man\u0219ete elastice. 2 buzunare laterale. 30 de unit\u0103\u021bi per cutie: 1 m\u0103rime. Pung\u0103 individual\u0103.<\/p>\n","protected":false},"excerpt":{"rendered":"<p>Polyester plain fabric with PVC coating. High collar. Total front zip. Hood withadjustable drawstring hidden in the neckband. Back ventilation. Elastic cuffs. 2 ap pockets. 30 units per box: 1 size. Individual bag.<\/p>\n","protected":false},"featured_media":267170,"comment_status":"closed","ping_status":"closed","template":"","meta":{"_joinchat":[]},"product_brand":[],"product_cat":[2789],"product_tag":[],"class_list":{"0":"post-267163","1":"product","2":"type-product","3":"status-publish","4":"has-post-thumbnail","6":"product_cat-fara-categorie","8":"first","9":"instock","10":"taxable","11":"shipping-taxable","12":"purchasable","13":"product-type-variable"},"_links":{"self":[{"href":"https:\/\/web2print.ro\/shop\/wp-json\/wp\/v2\/product\/267163","targetHints":{"allow":["GET"]}}],"collection":[{"href":"https:\/\/web2print.ro\/shop\/wp-json\/wp\/v2\/product"}],"about":[{"href":"https:\/\/web2print.ro\/shop\/wp-json\/wp\/v2\/types\/product"}],"replies":[{"embeddable":true,"href":"https:\/\/web2print.ro\/shop\/wp-json\/wp\/v2\/comments?post=267163"}],"wp:featuredmedia":[{"embeddable":true,"href":"https:\/\/web2print.ro\/shop\/wp-json\/wp\/v2\/media\/267170"}],"wp:attachment":[{"href":"https:\/\/web2print.ro\/shop\/wp-json\/wp\/v2\/media?parent=267163"}],"wp:term":[{"taxonomy":"product_brand","embeddable":true,"href":"https:\/\/web2print.ro\/shop\/wp-json\/wp\/v2\/product_brand?post=267163"},{"taxonomy":"product_cat","embeddable":true,"href":"https:\/\/web2print.ro\/shop\/wp-json\/wp\/v2\/product_cat?post=267163"},{"taxonomy":"product_tag","embeddable":true,"href":"https:\/\/web2print.ro\/shop\/wp-json\/wp\/v2\/product_tag?post=267163"}],"curies":[{"name":"wp","href":"https:\/\/api.w.org\/{rel}","templated":true}]}}