{"id":267230,"date":"2025-06-11T11:00:41","date_gmt":"2025-06-11T08:00:41","guid":{"rendered":"https:\/\/localhost\/web2print\/product\/sewing-retroreflective-tape-amber\/"},"modified":"2025-12-10T10:41:53","modified_gmt":"2025-12-10T08:41:53","slug":"sewing-retroreflective-tape-amber","status":"publish","type":"product","link":"https:\/\/web2print.ro\/shop\/sewing-retroreflective-tape-amber\/","title":{"rendered":"Panglic\u0103 reflectorizant\u0103 de cusut de culoare ambr\u0103 personalizat\u0103"},"content":{"rendered":"<p>BAND\u0102 RETROREFLECTOARE PENTRU CUSUT, CHIHLIMBARIE, GALBEN NEON &#8211; O M\u0102RIME<\/p>\n","protected":false},"excerpt":{"rendered":"<p>SEWING RETROREFLECTIVE TAPE AMBER NEON YELLOW &#8211; ONLY SIZE<\/p>\n","protected":false},"featured_media":225054,"comment_status":"closed","ping_status":"open","template":"","meta":{"_joinchat":[]},"product_brand":[],"product_cat":[2789],"product_tag":[],"class_list":{"0":"post-267230","1":"product","2":"type-product","3":"status-publish","4":"has-post-thumbnail","6":"product_cat-fara-categorie","8":"first","9":"instock","10":"taxable","11":"shipping-taxable","12":"purchasable","13":"product-type-variable"},"_links":{"self":[{"href":"https:\/\/web2print.ro\/shop\/wp-json\/wp\/v2\/product\/267230","targetHints":{"allow":["GET"]}}],"collection":[{"href":"https:\/\/web2print.ro\/shop\/wp-json\/wp\/v2\/product"}],"about":[{"href":"https:\/\/web2print.ro\/shop\/wp-json\/wp\/v2\/types\/product"}],"replies":[{"embeddable":true,"href":"https:\/\/web2print.ro\/shop\/wp-json\/wp\/v2\/comments?post=267230"}],"wp:featuredmedia":[{"embeddable":true,"href":"https:\/\/web2print.ro\/shop\/wp-json\/wp\/v2\/media\/225054"}],"wp:attachment":[{"href":"https:\/\/web2print.ro\/shop\/wp-json\/wp\/v2\/media?parent=267230"}],"wp:term":[{"taxonomy":"product_brand","embeddable":true,"href":"https:\/\/web2print.ro\/shop\/wp-json\/wp\/v2\/product_brand?post=267230"},{"taxonomy":"product_cat","embeddable":true,"href":"https:\/\/web2print.ro\/shop\/wp-json\/wp\/v2\/product_cat?post=267230"},{"taxonomy":"product_tag","embeddable":true,"href":"https:\/\/web2print.ro\/shop\/wp-json\/wp\/v2\/product_tag?post=267230"}],"curies":[{"name":"wp","href":"https:\/\/api.w.org\/{rel}","templated":true}]}}