{"id":267241,"date":"2025-06-11T11:00:37","date_gmt":"2025-06-11T08:00:37","guid":{"rendered":"https:\/\/localhost\/web2print\/product\/sewing-retroreflective-tape-highman\/"},"modified":"2025-12-10T10:41:43","modified_gmt":"2025-12-10T08:41:43","slug":"sewing-retroreflective-tape-highman","status":"publish","type":"product","link":"https:\/\/web2print.ro\/shop\/sewing-retroreflective-tape-highman\/","title":{"rendered":"Panglic\u0103 retroreflectorizant\u0103 pentru cusut HIGHMAN personalizat\u0103"},"content":{"rendered":"<p>BAND\u0102 RETROREFLECTOAS\u0102 PENTRU CUSUT HIGHMAN GALBEN NEON RETROREFLECTOAS\u0102 &#8211; O M\u0102RIME<\/p>\n","protected":false},"excerpt":{"rendered":"<p>SEWING RETROREFLECTIVE TAPE HIGHMAN NEON YELLOW RETROREFLECTIVE &#8211; ONLY SIZE<\/p>\n","protected":false},"featured_media":225083,"comment_status":"closed","ping_status":"open","template":"","meta":{"_joinchat":[]},"product_brand":[],"product_cat":[2789],"product_tag":[],"class_list":{"0":"post-267241","1":"product","2":"type-product","3":"status-publish","4":"has-post-thumbnail","6":"product_cat-fara-categorie","8":"first","9":"instock","10":"taxable","11":"shipping-taxable","12":"purchasable","13":"product-type-variable"},"_links":{"self":[{"href":"https:\/\/web2print.ro\/shop\/wp-json\/wp\/v2\/product\/267241","targetHints":{"allow":["GET"]}}],"collection":[{"href":"https:\/\/web2print.ro\/shop\/wp-json\/wp\/v2\/product"}],"about":[{"href":"https:\/\/web2print.ro\/shop\/wp-json\/wp\/v2\/types\/product"}],"replies":[{"embeddable":true,"href":"https:\/\/web2print.ro\/shop\/wp-json\/wp\/v2\/comments?post=267241"}],"wp:featuredmedia":[{"embeddable":true,"href":"https:\/\/web2print.ro\/shop\/wp-json\/wp\/v2\/media\/225083"}],"wp:attachment":[{"href":"https:\/\/web2print.ro\/shop\/wp-json\/wp\/v2\/media?parent=267241"}],"wp:term":[{"taxonomy":"product_brand","embeddable":true,"href":"https:\/\/web2print.ro\/shop\/wp-json\/wp\/v2\/product_brand?post=267241"},{"taxonomy":"product_cat","embeddable":true,"href":"https:\/\/web2print.ro\/shop\/wp-json\/wp\/v2\/product_cat?post=267241"},{"taxonomy":"product_tag","embeddable":true,"href":"https:\/\/web2print.ro\/shop\/wp-json\/wp\/v2\/product_tag?post=267241"}],"curies":[{"name":"wp","href":"https:\/\/api.w.org\/{rel}","templated":true}]}}