{"id":267243,"date":"2025-06-11T11:00:33","date_gmt":"2025-06-11T08:00:33","guid":{"rendered":"https:\/\/localhost\/web2print\/product\/sewing-retroreflective-tape-osaka\/"},"modified":"2025-12-10T10:41:45","modified_gmt":"2025-12-10T08:41:45","slug":"sewing-retroreflective-tape-osaka","status":"publish","type":"product","link":"https:\/\/web2print.ro\/shop\/sewing-retroreflective-tape-osaka\/","title":{"rendered":"Band\u0103 reflectorizant\u0103 de cusut OSAKA personalizat\u0103"},"content":{"rendered":"<p>BAND\u0102 RETROREFLECTOAS\u0102 PENTRU CUSUT OSAKA GALBEN NEON RETROREFLECTOAS\u0102 &#8211; O M\u0102RIME<\/p>\n","protected":false},"excerpt":{"rendered":"<p>SEWING RETROREFLECTIVE TAPE OSAKA NEON YELLOW RETROREFLECTIVE &#8211; ONLY SIZE<\/p>\n","protected":false},"featured_media":225102,"comment_status":"closed","ping_status":"open","template":"","meta":{"_joinchat":[]},"product_brand":[],"product_cat":[2789],"product_tag":[],"class_list":{"0":"post-267243","1":"product","2":"type-product","3":"status-publish","4":"has-post-thumbnail","6":"product_cat-fara-categorie","8":"first","9":"instock","10":"taxable","11":"shipping-taxable","12":"purchasable","13":"product-type-variable"},"_links":{"self":[{"href":"https:\/\/web2print.ro\/shop\/wp-json\/wp\/v2\/product\/267243","targetHints":{"allow":["GET"]}}],"collection":[{"href":"https:\/\/web2print.ro\/shop\/wp-json\/wp\/v2\/product"}],"about":[{"href":"https:\/\/web2print.ro\/shop\/wp-json\/wp\/v2\/types\/product"}],"replies":[{"embeddable":true,"href":"https:\/\/web2print.ro\/shop\/wp-json\/wp\/v2\/comments?post=267243"}],"wp:featuredmedia":[{"embeddable":true,"href":"https:\/\/web2print.ro\/shop\/wp-json\/wp\/v2\/media\/225102"}],"wp:attachment":[{"href":"https:\/\/web2print.ro\/shop\/wp-json\/wp\/v2\/media?parent=267243"}],"wp:term":[{"taxonomy":"product_brand","embeddable":true,"href":"https:\/\/web2print.ro\/shop\/wp-json\/wp\/v2\/product_brand?post=267243"},{"taxonomy":"product_cat","embeddable":true,"href":"https:\/\/web2print.ro\/shop\/wp-json\/wp\/v2\/product_cat?post=267243"},{"taxonomy":"product_tag","embeddable":true,"href":"https:\/\/web2print.ro\/shop\/wp-json\/wp\/v2\/product_tag?post=267243"}],"curies":[{"name":"wp","href":"https:\/\/api.w.org\/{rel}","templated":true}]}}