{"id":267266,"date":"2025-06-11T11:00:32","date_gmt":"2025-06-11T08:00:32","guid":{"rendered":"https:\/\/localhost\/web2print\/product\/short-shirt-academy\/"},"modified":"2025-12-10T10:41:46","modified_gmt":"2025-12-10T08:41:46","slug":"short-shirt-academy","status":"publish","type":"product","link":"https:\/\/web2print.ro\/shop\/short-shirt-academy\/","title":{"rendered":"C\u0103ma\u0219\u0103 scurt\u0103 Academy personalizat\u0103"},"content":{"rendered":"<p>65% poliester, 35% bumbac. Material poplin 120 grs\/m2. 2 buzunare cu clap\u0103 pe piept. M\u00e2neci scurte. Cus\u0103turi \u00eent\u0103rite la m\u00e2neci \u0219i laterale. \u00cenchidere frontal\u0103 cu nasturi de aceea\u0219i culoare. Buzunar st\u00e2ng cu clap\u0103 pentru pix. 40 de unit\u0103\u021bi per cutie: 1 m\u0103rime, 1 culoare. Indivi<\/p>\n","protected":false},"excerpt":{"rendered":"<p>65% polyester, 35% cotton. 120 grs\/m2 poplin fabric. 2 ap pockets on chest. Short sleeves.Reinforced seams in sleeves and sides. Front closure with matching color buttons. Left ap pocketwith pen access. 40 units per box: 1 size, 1 color.<\/p>\n","protected":false},"featured_media":285161,"comment_status":"closed","ping_status":"open","template":"","meta":{"_joinchat":[]},"product_brand":[],"product_cat":[2789],"product_tag":[],"class_list":{"0":"post-267266","1":"product","2":"type-product","3":"status-publish","4":"has-post-thumbnail","6":"product_cat-fara-categorie","8":"first","9":"instock","10":"taxable","11":"shipping-taxable","12":"purchasable","13":"product-type-variable"},"_links":{"self":[{"href":"https:\/\/web2print.ro\/shop\/wp-json\/wp\/v2\/product\/267266","targetHints":{"allow":["GET"]}}],"collection":[{"href":"https:\/\/web2print.ro\/shop\/wp-json\/wp\/v2\/product"}],"about":[{"href":"https:\/\/web2print.ro\/shop\/wp-json\/wp\/v2\/types\/product"}],"replies":[{"embeddable":true,"href":"https:\/\/web2print.ro\/shop\/wp-json\/wp\/v2\/comments?post=267266"}],"wp:featuredmedia":[{"embeddable":true,"href":"https:\/\/web2print.ro\/shop\/wp-json\/wp\/v2\/media\/285161"}],"wp:attachment":[{"href":"https:\/\/web2print.ro\/shop\/wp-json\/wp\/v2\/media?parent=267266"}],"wp:term":[{"taxonomy":"product_brand","embeddable":true,"href":"https:\/\/web2print.ro\/shop\/wp-json\/wp\/v2\/product_brand?post=267266"},{"taxonomy":"product_cat","embeddable":true,"href":"https:\/\/web2print.ro\/shop\/wp-json\/wp\/v2\/product_cat?post=267266"},{"taxonomy":"product_tag","embeddable":true,"href":"https:\/\/web2print.ro\/shop\/wp-json\/wp\/v2\/product_tag?post=267266"}],"curies":[{"name":"wp","href":"https:\/\/api.w.org\/{rel}","templated":true}]}}