{"id":267345,"date":"2025-06-11T11:00:24","date_gmt":"2025-06-11T08:00:24","guid":{"rendered":"https:\/\/localhost\/web2print\/product\/women-shirt-panter\/"},"modified":"2025-12-10T10:41:49","modified_gmt":"2025-12-10T08:41:49","slug":"women-shirt-panter","status":"publish","type":"product","link":"https:\/\/web2print.ro\/shop\/women-shirt-panter\/","title":{"rendered":"C\u0103ma\u0219\u0103 pentru femei Panter personalizat\u0103"},"content":{"rendered":"<p>100% bumbac. Material denim pre-sp\u0103lat, 200 grs\/m2. C\u0103ma\u0219\u0103 mulat\u0103. Guler f\u0103r\u0103 nasturi. Buzunar st\u00e2ng la piept. M\u00e2neci lungi cu \u00eenchidere cu nasturi. 40 de unit\u0103\u021bi per cutie: 1 m\u0103rime. Pung\u0103 individual\u0103 cu cleme de plastic.<\/p>\n","protected":false},"excerpt":{"rendered":"<p>100% cotton. 200 grs\/m2 prewashed denim fabric. Fitted shirt. Collar withoutbuttons. Left chest pocket. Long sleeves with button closing. 40 units per box: 1size. Individual bag with plastic clips.<\/p>\n","protected":false},"featured_media":267348,"comment_status":"closed","ping_status":"closed","template":"","meta":{"_joinchat":[]},"product_brand":[],"product_cat":[2789],"product_tag":[],"class_list":{"0":"post-267345","1":"product","2":"type-product","3":"status-publish","4":"has-post-thumbnail","6":"product_cat-fara-categorie","8":"first","9":"instock","10":"taxable","11":"shipping-taxable","12":"purchasable","13":"product-type-variable"},"_links":{"self":[{"href":"https:\/\/web2print.ro\/shop\/wp-json\/wp\/v2\/product\/267345","targetHints":{"allow":["GET"]}}],"collection":[{"href":"https:\/\/web2print.ro\/shop\/wp-json\/wp\/v2\/product"}],"about":[{"href":"https:\/\/web2print.ro\/shop\/wp-json\/wp\/v2\/types\/product"}],"replies":[{"embeddable":true,"href":"https:\/\/web2print.ro\/shop\/wp-json\/wp\/v2\/comments?post=267345"}],"wp:featuredmedia":[{"embeddable":true,"href":"https:\/\/web2print.ro\/shop\/wp-json\/wp\/v2\/media\/267348"}],"wp:attachment":[{"href":"https:\/\/web2print.ro\/shop\/wp-json\/wp\/v2\/media?parent=267345"}],"wp:term":[{"taxonomy":"product_brand","embeddable":true,"href":"https:\/\/web2print.ro\/shop\/wp-json\/wp\/v2\/product_brand?post=267345"},{"taxonomy":"product_cat","embeddable":true,"href":"https:\/\/web2print.ro\/shop\/wp-json\/wp\/v2\/product_cat?post=267345"},{"taxonomy":"product_tag","embeddable":true,"href":"https:\/\/web2print.ro\/shop\/wp-json\/wp\/v2\/product_tag?post=267345"}],"curies":[{"name":"wp","href":"https:\/\/api.w.org\/{rel}","templated":true}]}}