{"id":267415,"date":"2025-06-11T11:00:19","date_gmt":"2025-06-11T08:00:19","guid":{"rendered":"https:\/\/localhost\/web2print\/product\/women-shirt-ceremony\/"},"modified":"2025-12-10T10:41:50","modified_gmt":"2025-12-10T08:41:50","slug":"women-shirt-ceremony","status":"publish","type":"product","link":"https:\/\/web2print.ro\/shop\/women-shirt-ceremony\/","title":{"rendered":"C\u0103ma\u0219\u0103 pentru femei ceremonie personalizat\u0103"},"content":{"rendered":"<p>30% poliester, 70% bumbac. Material Oxford 2&#215;2, 170 grs\/m2. C\u0103ma\u0219\u0103 mulat\u0103. Guler f\u0103r\u0103 nasturi. Buzunar st\u00e2ng la piept. M\u00e2neci lungi cu \u00eenchidere cu nasturi. 40 de unit\u0103\u021bi per cutie: 1 m\u0103rime, 1 culoare. Pung\u0103 individual\u0103 cu cleme de plastic.<\/p>\n","protected":false},"excerpt":{"rendered":"<p>30% polyester, 70% cotton. 170 grs\/m2 2&#215;2 oxford fabric. Fitted shirt. Collarwithout buttons. Left chest pocket. Long sleeves with button closing. 40 units perbox: 1 size, 1 color. Individual bag with plastic clips.<\/p>\n","protected":false},"featured_media":285249,"comment_status":"closed","ping_status":"open","template":"","meta":{"_joinchat":[]},"product_brand":[],"product_cat":[2789],"product_tag":[],"class_list":{"0":"post-267415","1":"product","2":"type-product","3":"status-publish","4":"has-post-thumbnail","6":"product_cat-fara-categorie","8":"first","9":"instock","10":"taxable","11":"shipping-taxable","12":"purchasable","13":"product-type-variable"},"_links":{"self":[{"href":"https:\/\/web2print.ro\/shop\/wp-json\/wp\/v2\/product\/267415","targetHints":{"allow":["GET"]}}],"collection":[{"href":"https:\/\/web2print.ro\/shop\/wp-json\/wp\/v2\/product"}],"about":[{"href":"https:\/\/web2print.ro\/shop\/wp-json\/wp\/v2\/types\/product"}],"replies":[{"embeddable":true,"href":"https:\/\/web2print.ro\/shop\/wp-json\/wp\/v2\/comments?post=267415"}],"wp:featuredmedia":[{"embeddable":true,"href":"https:\/\/web2print.ro\/shop\/wp-json\/wp\/v2\/media\/285249"}],"wp:attachment":[{"href":"https:\/\/web2print.ro\/shop\/wp-json\/wp\/v2\/media?parent=267415"}],"wp:term":[{"taxonomy":"product_brand","embeddable":true,"href":"https:\/\/web2print.ro\/shop\/wp-json\/wp\/v2\/product_brand?post=267415"},{"taxonomy":"product_cat","embeddable":true,"href":"https:\/\/web2print.ro\/shop\/wp-json\/wp\/v2\/product_cat?post=267415"},{"taxonomy":"product_tag","embeddable":true,"href":"https:\/\/web2print.ro\/shop\/wp-json\/wp\/v2\/product_tag?post=267415"}],"curies":[{"name":"wp","href":"https:\/\/api.w.org\/{rel}","templated":true}]}}