{"id":267434,"date":"2025-06-11T11:00:17","date_gmt":"2025-06-11T08:00:17","guid":{"rendered":"https:\/\/localhost\/web2print\/product\/shirt-condor\/"},"modified":"2025-12-10T10:41:51","modified_gmt":"2025-12-10T08:41:51","slug":"shirt-condor","status":"publish","type":"product","link":"https:\/\/web2print.ro\/shop\/shirt-condor\/","title":{"rendered":"Tricou Condor personalizat"},"content":{"rendered":"<p>100% bumbac. Material twill 180 grs\/m2. 2 buzunare cu clap\u0103. M\u00e2neci lungi cu \u00eenchidere cu nasturi. Cus\u0103turi \u00eent\u0103rite la m\u00e2neci \u0219i pe laterale. \u00cenchidere frontal\u0103 cu nasturi de aceea\u0219i culoare. Buzunar st\u00e2ng cu clap\u0103 pentru pix. 40 de unit\u0103\u021bi per cutie: 1 m\u0103rime, 1 culoare. Individual.<\/p>\n","protected":false},"excerpt":{"rendered":"<p>100% cotton. 180 grs\/m2 twill fabric. 2 ap pockets. Long sleeves with button closure. Reinforced seams insleeves and sides. Front closure with matching color buttons. Left ap pocket with pen access. 40 units per box:1 size, 1 color.<\/p>\n","protected":false},"featured_media":267457,"comment_status":"closed","ping_status":"closed","template":"","meta":{"_joinchat":[]},"product_brand":[],"product_cat":[2789],"product_tag":[],"class_list":{"0":"post-267434","1":"product","2":"type-product","3":"status-publish","4":"has-post-thumbnail","6":"product_cat-fara-categorie","8":"first","9":"instock","10":"taxable","11":"shipping-taxable","12":"purchasable","13":"product-type-variable"},"_links":{"self":[{"href":"https:\/\/web2print.ro\/shop\/wp-json\/wp\/v2\/product\/267434","targetHints":{"allow":["GET"]}}],"collection":[{"href":"https:\/\/web2print.ro\/shop\/wp-json\/wp\/v2\/product"}],"about":[{"href":"https:\/\/web2print.ro\/shop\/wp-json\/wp\/v2\/types\/product"}],"replies":[{"embeddable":true,"href":"https:\/\/web2print.ro\/shop\/wp-json\/wp\/v2\/comments?post=267434"}],"wp:featuredmedia":[{"embeddable":true,"href":"https:\/\/web2print.ro\/shop\/wp-json\/wp\/v2\/media\/267457"}],"wp:attachment":[{"href":"https:\/\/web2print.ro\/shop\/wp-json\/wp\/v2\/media?parent=267434"}],"wp:term":[{"taxonomy":"product_brand","embeddable":true,"href":"https:\/\/web2print.ro\/shop\/wp-json\/wp\/v2\/product_brand?post=267434"},{"taxonomy":"product_cat","embeddable":true,"href":"https:\/\/web2print.ro\/shop\/wp-json\/wp\/v2\/product_cat?post=267434"},{"taxonomy":"product_tag","embeddable":true,"href":"https:\/\/web2print.ro\/shop\/wp-json\/wp\/v2\/product_tag?post=267434"}],"curies":[{"name":"wp","href":"https:\/\/api.w.org\/{rel}","templated":true}]}}