{"id":267463,"date":"2025-06-11T11:00:16","date_gmt":"2025-06-11T08:00:16","guid":{"rendered":"https:\/\/localhost\/web2print\/product\/women-long-shirt-star\/"},"modified":"2025-12-10T10:41:52","modified_gmt":"2025-12-10T08:41:52","slug":"women-long-shirt-star","status":"publish","type":"product","link":"https:\/\/web2print.ro\/shop\/women-long-shirt-star\/","title":{"rendered":"Bluz\u0103 lung\u0103 pentru femei cu stea personalizat\u0103"},"content":{"rendered":"<p>65% poliester, 35% bumbac. Material poplin 120 grs\/m2. C\u0103ma\u0219\u0103 ajustat\u0103. Buzunar st\u00e2ng la piept. M\u00e2neci lungi cu \u00eenchidere cu nasturi. \u00cenchidere frontal\u0103 cu nasturi de aceea\u0219i culoare. 40 de unit\u0103\u021bi per cutie: 1 m\u0103rime, 1 culoare. Pung\u0103 individual\u0103 cu cleme de plastic.<\/p>\n","protected":false},"excerpt":{"rendered":"<p>65% polyester, 35% cotton. 120 grs\/m2 poplin fabric. Fitted shirt. Left chest pocket. Long sleeves with button closing. Front closure with matching colour buttons. 40 units per box: 1 size, 1 color. Individual bag with plastic clips.<\/p>\n","protected":false},"featured_media":285303,"comment_status":"closed","ping_status":"open","template":"","meta":{"_joinchat":[]},"product_brand":[],"product_cat":[2789],"product_tag":[],"class_list":{"0":"post-267463","1":"product","2":"type-product","3":"status-publish","4":"has-post-thumbnail","6":"product_cat-fara-categorie","8":"first","9":"instock","10":"taxable","11":"shipping-taxable","12":"purchasable","13":"product-type-variable"},"_links":{"self":[{"href":"https:\/\/web2print.ro\/shop\/wp-json\/wp\/v2\/product\/267463","targetHints":{"allow":["GET"]}}],"collection":[{"href":"https:\/\/web2print.ro\/shop\/wp-json\/wp\/v2\/product"}],"about":[{"href":"https:\/\/web2print.ro\/shop\/wp-json\/wp\/v2\/types\/product"}],"replies":[{"embeddable":true,"href":"https:\/\/web2print.ro\/shop\/wp-json\/wp\/v2\/comments?post=267463"}],"wp:featuredmedia":[{"embeddable":true,"href":"https:\/\/web2print.ro\/shop\/wp-json\/wp\/v2\/media\/285303"}],"wp:attachment":[{"href":"https:\/\/web2print.ro\/shop\/wp-json\/wp\/v2\/media?parent=267463"}],"wp:term":[{"taxonomy":"product_brand","embeddable":true,"href":"https:\/\/web2print.ro\/shop\/wp-json\/wp\/v2\/product_brand?post=267463"},{"taxonomy":"product_cat","embeddable":true,"href":"https:\/\/web2print.ro\/shop\/wp-json\/wp\/v2\/product_cat?post=267463"},{"taxonomy":"product_tag","embeddable":true,"href":"https:\/\/web2print.ro\/shop\/wp-json\/wp\/v2\/product_tag?post=267463"}],"curies":[{"name":"wp","href":"https:\/\/api.w.org\/{rel}","templated":true}]}}