{"id":267618,"date":"2025-06-11T11:00:09","date_gmt":"2025-06-11T08:00:09","guid":{"rendered":"https:\/\/localhost\/web2print\/product\/h-v-fleece-airport\/"},"modified":"2025-12-10T10:41:43","modified_gmt":"2025-12-10T08:41:43","slug":"h-v-fleece-airport","status":"publish","type":"product","link":"https:\/\/web2print.ro\/shop\/h-v-fleece-airport\/","title":{"rendered":"H.V. Fleece Aeroport personalizat"},"content":{"rendered":"<p>Fleece polar anti-sc\u0103rpare de lung\u0103 durat\u0103, 300 grs\/m2. Benzi retroreflectorizante cusute \u00een jurul corpului \u0219i al bra\u021belor. Guler \u00eenalt cu \u00eenchidere central\u0103. Fermoar dublu central. 2 buzunare cu fermoar. 10 unit\u0103\u021bi per cutie: 1 m\u0103rime, 1 culoare. Pung\u0103 individual\u0103.<\/p>\n","protected":false},"excerpt":{"rendered":"<p>300 grs\/m2 anti-pilling high-term polar eece fabric. Sewn retrore ective bands around the bodyand arms. High neck with central closure. Central double zip fastener. 2 zip pockets. 10 units per box: 1size, 1 color. Individual bag.<\/p>\n","protected":false},"featured_media":285431,"comment_status":"closed","ping_status":"open","template":"","meta":{"_joinchat":[]},"product_brand":[],"product_cat":[2789],"product_tag":[],"class_list":{"0":"post-267618","1":"product","2":"type-product","3":"status-publish","4":"has-post-thumbnail","6":"product_cat-fara-categorie","8":"first","9":"instock","10":"taxable","11":"shipping-taxable","12":"purchasable","13":"product-type-variable"},"_links":{"self":[{"href":"https:\/\/web2print.ro\/shop\/wp-json\/wp\/v2\/product\/267618","targetHints":{"allow":["GET"]}}],"collection":[{"href":"https:\/\/web2print.ro\/shop\/wp-json\/wp\/v2\/product"}],"about":[{"href":"https:\/\/web2print.ro\/shop\/wp-json\/wp\/v2\/types\/product"}],"replies":[{"embeddable":true,"href":"https:\/\/web2print.ro\/shop\/wp-json\/wp\/v2\/comments?post=267618"}],"wp:featuredmedia":[{"embeddable":true,"href":"https:\/\/web2print.ro\/shop\/wp-json\/wp\/v2\/media\/285431"}],"wp:attachment":[{"href":"https:\/\/web2print.ro\/shop\/wp-json\/wp\/v2\/media?parent=267618"}],"wp:term":[{"taxonomy":"product_brand","embeddable":true,"href":"https:\/\/web2print.ro\/shop\/wp-json\/wp\/v2\/product_brand?post=267618"},{"taxonomy":"product_cat","embeddable":true,"href":"https:\/\/web2print.ro\/shop\/wp-json\/wp\/v2\/product_cat?post=267618"},{"taxonomy":"product_tag","embeddable":true,"href":"https:\/\/web2print.ro\/shop\/wp-json\/wp\/v2\/product_tag?post=267618"}],"curies":[{"name":"wp","href":"https:\/\/api.w.org\/{rel}","templated":true}]}}