{"id":267642,"date":"2025-06-11T11:00:08","date_gmt":"2025-06-11T08:00:08","guid":{"rendered":"https:\/\/localhost\/web2print\/product\/women-polar-jacket-glace\/"},"modified":"2025-12-10T10:41:28","modified_gmt":"2025-12-10T08:41:28","slug":"women-polar-jacket-glace","status":"publish","type":"product","link":"https:\/\/web2print.ro\/shop\/women-polar-jacket-glace\/","title":{"rendered":"Geac\u0103 polar pentru femei Glace personalizat\u0103"},"content":{"rendered":"<p>100% poliester. Material micropolar fleece anti-sc\u0103runchiare 300 grs\/m2. Form\u0103 feminin\u0103. Cus\u0103turi \u00eent\u0103rite pe umeri \u0219i m\u00e2neci. Guler \u00eenalt cu fermoar frontal. 2 buzunare frontale cu fermoar. 20 de unit\u0103\u021bi per cutie: 1 m\u0103rime, 1 culoare. Pung\u0103 individual\u0103.<\/p>\n","protected":false},"excerpt":{"rendered":"<p>100% polyester. 300 grs\/m2 anti-pilling micropolar eece fabric. Feminine shape. Reinforced stitching onshoulders and sleeves. High collar with frontal zipper. 2 front zip pockets. 20 units per box: 1 size, 1 color.Individual bag.<\/p>\n","protected":false},"featured_media":267659,"comment_status":"closed","ping_status":"closed","template":"","meta":{"_joinchat":[]},"product_brand":[],"product_cat":[2789],"product_tag":[],"class_list":{"0":"post-267642","1":"product","2":"type-product","3":"status-publish","4":"has-post-thumbnail","6":"product_cat-fara-categorie","8":"first","9":"instock","10":"taxable","11":"shipping-taxable","12":"purchasable","13":"product-type-variable"},"_links":{"self":[{"href":"https:\/\/web2print.ro\/shop\/wp-json\/wp\/v2\/product\/267642","targetHints":{"allow":["GET"]}}],"collection":[{"href":"https:\/\/web2print.ro\/shop\/wp-json\/wp\/v2\/product"}],"about":[{"href":"https:\/\/web2print.ro\/shop\/wp-json\/wp\/v2\/types\/product"}],"replies":[{"embeddable":true,"href":"https:\/\/web2print.ro\/shop\/wp-json\/wp\/v2\/comments?post=267642"}],"wp:featuredmedia":[{"embeddable":true,"href":"https:\/\/web2print.ro\/shop\/wp-json\/wp\/v2\/media\/267659"}],"wp:attachment":[{"href":"https:\/\/web2print.ro\/shop\/wp-json\/wp\/v2\/media?parent=267642"}],"wp:term":[{"taxonomy":"product_brand","embeddable":true,"href":"https:\/\/web2print.ro\/shop\/wp-json\/wp\/v2\/product_brand?post=267642"},{"taxonomy":"product_cat","embeddable":true,"href":"https:\/\/web2print.ro\/shop\/wp-json\/wp\/v2\/product_cat?post=267642"},{"taxonomy":"product_tag","embeddable":true,"href":"https:\/\/web2print.ro\/shop\/wp-json\/wp\/v2\/product_tag?post=267642"}],"curies":[{"name":"wp","href":"https:\/\/api.w.org\/{rel}","templated":true}]}}