{"id":267661,"date":"2025-06-11T11:00:06","date_gmt":"2025-06-11T08:00:06","guid":{"rendered":"https:\/\/localhost\/web2print\/product\/polar-fleece-jacket-nevada\/"},"modified":"2025-12-10T10:41:29","modified_gmt":"2025-12-10T08:41:29","slug":"polar-fleece-jacket-nevada","status":"publish","type":"product","link":"https:\/\/web2print.ro\/shop\/polar-fleece-jacket-nevada\/","title":{"rendered":"Geac\u0103 polar\u0103 din fleece Nevada personalizat\u0103"},"content":{"rendered":"<p>JACHET\u0102 DE FLEECE NEVADA CEMENT GRI-NEGRU &#8211; XS<\/p>\n","protected":false},"excerpt":{"rendered":"<p>100% polyester. 400 grs\/m2 anti-pilling double density micropolar eece fabric. Reinforcements on shouldersand elbows. Left chest zip pocket. 2 lateral zip pockets. Elastic cuffs on sleeves. Drawstring waist with stoppers.<\/p>\n","protected":false},"featured_media":285549,"comment_status":"closed","ping_status":"open","template":"","meta":{"_joinchat":[]},"product_brand":[],"product_cat":[2789],"product_tag":[],"class_list":{"0":"post-267661","1":"product","2":"type-product","3":"status-publish","4":"has-post-thumbnail","6":"product_cat-fara-categorie","8":"first","9":"instock","10":"taxable","11":"shipping-taxable","12":"purchasable","13":"product-type-variable"},"_links":{"self":[{"href":"https:\/\/web2print.ro\/shop\/wp-json\/wp\/v2\/product\/267661","targetHints":{"allow":["GET"]}}],"collection":[{"href":"https:\/\/web2print.ro\/shop\/wp-json\/wp\/v2\/product"}],"about":[{"href":"https:\/\/web2print.ro\/shop\/wp-json\/wp\/v2\/types\/product"}],"replies":[{"embeddable":true,"href":"https:\/\/web2print.ro\/shop\/wp-json\/wp\/v2\/comments?post=267661"}],"wp:featuredmedia":[{"embeddable":true,"href":"https:\/\/web2print.ro\/shop\/wp-json\/wp\/v2\/media\/285549"}],"wp:attachment":[{"href":"https:\/\/web2print.ro\/shop\/wp-json\/wp\/v2\/media?parent=267661"}],"wp:term":[{"taxonomy":"product_brand","embeddable":true,"href":"https:\/\/web2print.ro\/shop\/wp-json\/wp\/v2\/product_brand?post=267661"},{"taxonomy":"product_cat","embeddable":true,"href":"https:\/\/web2print.ro\/shop\/wp-json\/wp\/v2\/product_cat?post=267661"},{"taxonomy":"product_tag","embeddable":true,"href":"https:\/\/web2print.ro\/shop\/wp-json\/wp\/v2\/product_tag?post=267661"}],"curies":[{"name":"wp","href":"https:\/\/api.w.org\/{rel}","templated":true}]}}