{"id":459749,"date":"2025-06-06T12:35:53","date_gmt":"2025-06-06T09:35:53","guid":{"rendered":"http:\/\/localhost:10014\/product\/pix-plastic-model-de-anvelopa\/"},"modified":"2025-12-10T10:27:39","modified_gmt":"2025-12-10T08:27:39","slug":"pix-plastic-model-de-anvelopa","status":"publish","type":"product","link":"https:\/\/web2print.ro\/shop\/pix-plastic-model-de-anvelopa\/","title":{"rendered":"Pix plastic-model de anvelop\u0103 personalizat"},"content":{"rendered":"<p>Pix plastic cauciucat cu min\u0103 albastr\u0103, cu model de anvelop\u0103.<\/p>\n<p>Dimensiune: 14,5 \u00d7 \u00f8 1,1 cm<\/p>\n<p>Greutate:\u00a00.012<\/p>\n<p>Origine: CN<\/p>\n<p>Tariff:\u00a096081092<\/p>\n","protected":false},"excerpt":{"rendered":"<p>Pix plastic cauciucat cu min\u0103 albastr\u0103, cu model de anvelop\u0103.<\/p>\n","protected":false},"featured_media":424707,"comment_status":"closed","ping_status":"open","template":"","meta":{"_joinchat":[]},"product_brand":[2754],"product_cat":[2655],"product_tag":[],"class_list":{"0":"post-459749","1":"product","2":"type-product","3":"status-publish","4":"has-post-thumbnail","6":"product_brand-m-collection-ro","7":"product_cat-pixuri-instrumente-de-scris","9":"first","10":"instock","11":"taxable","12":"shipping-taxable","13":"purchasable","14":"product-type-variable"},"_links":{"self":[{"href":"https:\/\/web2print.ro\/shop\/wp-json\/wp\/v2\/product\/459749","targetHints":{"allow":["GET"]}}],"collection":[{"href":"https:\/\/web2print.ro\/shop\/wp-json\/wp\/v2\/product"}],"about":[{"href":"https:\/\/web2print.ro\/shop\/wp-json\/wp\/v2\/types\/product"}],"replies":[{"embeddable":true,"href":"https:\/\/web2print.ro\/shop\/wp-json\/wp\/v2\/comments?post=459749"}],"wp:featuredmedia":[{"embeddable":true,"href":"https:\/\/web2print.ro\/shop\/wp-json\/wp\/v2\/media\/424707"}],"wp:attachment":[{"href":"https:\/\/web2print.ro\/shop\/wp-json\/wp\/v2\/media?parent=459749"}],"wp:term":[{"taxonomy":"product_brand","embeddable":true,"href":"https:\/\/web2print.ro\/shop\/wp-json\/wp\/v2\/product_brand?post=459749"},{"taxonomy":"product_cat","embeddable":true,"href":"https:\/\/web2print.ro\/shop\/wp-json\/wp\/v2\/product_cat?post=459749"},{"taxonomy":"product_tag","embeddable":true,"href":"https:\/\/web2print.ro\/shop\/wp-json\/wp\/v2\/product_tag?post=459749"}],"curies":[{"name":"wp","href":"https:\/\/api.w.org\/{rel}","templated":true}]}}