{"id":522077,"date":"2025-08-04T09:49:27","date_gmt":"2025-08-04T06:49:27","guid":{"rendered":"https:\/\/web2print.ro\/shop\/product\/hendrix-cap\/"},"modified":"2026-05-07T00:58:41","modified_gmt":"2026-05-06T21:58:41","slug":"hendrix-cap","status":"publish","type":"product","link":"https:\/\/web2print.ro\/shop\/hendrix-cap\/","title":{"rendered":"\u0218apc\u0103 Hendrix personalizat\u0103"},"content":{"rendered":"<p>\u0218apca Hendrix, cu 5 panouri, este fabricat\u0103 din bumbac reciclat de 280 g\/m\u00b2. Catarama metalic\u0103 reglabil\u0103 din spate asigur\u0103 o potrivire perfect\u0103. Este accesoriul t\u0103u de baz\u0103 pentru protec\u021bia solar\u0103.<\/p>\n<p>Este disponibil\u0103 \u00een 17 culori \u0219i este ambalat\u0103 \u00eentr-o pung\u0103 de polietilen\u0103 biodegradabil\u0103.<\/p>\n<table class=\"product-details-table\">\n<tbody>\n<tr>\n<th>Dimenisune (CM)<\/th>\n<td>58 (circumference)<\/td>\n<\/tr>\n<tr>\n<th>Greutate (KG)<\/th>\n<td>0.073<\/td>\n<\/tr>\n<tr>\n<th>Cantitate pachet<\/th>\n<td>1<\/td>\n<\/tr>\n<tr>\n<th>Impachetare individuala<\/th>\n<td>True<\/td>\n<\/tr>\n<tr>\n<th>Material Pachet<\/th>\n<td>Pung\u0103 biodegradabil\u0103<\/td>\n<\/tr>\n<tr>\n<th>Pachet interior Cantitate<\/th>\n<td>50<\/td>\n<\/tr>\n<tr>\n<th>Dimensiunea ambalajului exterior (CM)<\/th>\n<td>81x49x42<\/td>\n<\/tr>\n<tr>\n<th>Lungime ambalajului exterior (CM)<\/th>\n<td>81.0<\/td>\n<\/tr>\n<tr>\n<th>Inaltime ambalajului exterior (CM)<\/th>\n<td>49.0<\/td>\n<\/tr>\n<tr>\n<th>Latime ambalajului exterior (CM))<\/th>\n<td>42.0<\/td>\n<\/tr>\n<tr>\n<th>Cantitate ambalaj exterior<\/th>\n<td>200<\/td>\n<\/tr>\n<tr>\n<th>Greutate ambalaj cu produs(KG)<\/th>\n<td>18.2<\/td>\n<\/tr>\n<tr>\n<th>Tara de origine<\/th>\n<td>PRC<\/td>\n<\/tr>\n<tr>\n<th>Codul Taric<\/th>\n<td>6505003000<\/td>\n<\/tr>\n<tr>\n<th>Codul EAN<\/th>\n<td>5600893109733<\/td>\n<\/tr>\n<tr>\n<th>Material<\/th>\n<td>Recycled Cotton<\/td>\n<\/tr>\n<tr>\n<th>Material ambalaj exterior<\/th>\n<td>Cardboard<\/td>\n<\/tr>\n<tr>\n<th>Gramaj<\/th>\n<td>280 gsm<\/td>\n<\/tr>\n<tr>\n<th>% Materiale reciclate<\/th>\n<td>82.6<\/td>\n<\/tr>\n<tr>\n<th>Amprenta de CO2<\/th>\n<td>0.58<\/td>\n<\/tr>\n<tr>\n<th>Are certificare FSC<\/th>\n<td>NO<\/td>\n<\/tr>\n<tr>\n<th>Cod metoda implicita de imprimare<\/th>\n<td>TRS2<\/td>\n<\/tr>\n<tr>\n<th>Nume metoda implicita de imprimare<\/th>\n<td>Transfer<\/td>\n<\/tr>\n<tr>\n<th>Numar maxim de culori pentru metoda implicita de imprimare<\/th>\n<td>4<\/td>\n<\/tr>\n<tr>\n<th>Loca\u021bia implicit\u0103 a tehnicii de imprimare<\/th>\n<td>Cap &#8211; Front<\/td>\n<\/tr>\n<tr>\n<th>Tehnica de imprimare L\u0103\u021bime maxim\u0103 implicit\u0103 (MM)<\/th>\n<td>90<\/td>\n<\/tr>\n<tr>\n<th>Tehnica de imprimare Inaltime maxim\u0103 implicit\u0103 (MM)<\/th>\n<td>55<\/td>\n<\/tr>\n<tr>\n<th>Tehnica de imprimare Dimensiune maxim\u0103 implicit\u0103 (MM)<\/th>\n<td>90&#215;55<\/td>\n<\/tr>\n<\/tbody>\n<\/table>\n","protected":false},"excerpt":{"rendered":"<p>\u0218apca Hendrix, cu 5 panouri, este fabricat\u0103 din bumbac reciclat de 280 g\/m\u00b2. Catarama metalic\u0103 reglabil\u0103 din spate asigur\u0103 o<\/p>\n","protected":false},"featured_media":434402,"comment_status":"closed","ping_status":"open","template":"","meta":{"_joinchat":[]},"product_brand":[2433],"product_cat":[1949,525,2708],"product_tag":[],"class_list":{"0":"post-522077","1":"product","2":"type-product","3":"status-publish","4":"has-post-thumbnail","6":"product_brand-aodaci","7":"product_cat-sepci","8":"product_cat-soare-si-ploaie","9":"product_cat-sustenabilitate","11":"first","12":"instock","13":"taxable","14":"shipping-taxable","15":"purchasable","16":"product-type-variable"},"_links":{"self":[{"href":"https:\/\/web2print.ro\/shop\/wp-json\/wp\/v2\/product\/522077","targetHints":{"allow":["GET"]}}],"collection":[{"href":"https:\/\/web2print.ro\/shop\/wp-json\/wp\/v2\/product"}],"about":[{"href":"https:\/\/web2print.ro\/shop\/wp-json\/wp\/v2\/types\/product"}],"replies":[{"embeddable":true,"href":"https:\/\/web2print.ro\/shop\/wp-json\/wp\/v2\/comments?post=522077"}],"wp:featuredmedia":[{"embeddable":true,"href":"https:\/\/web2print.ro\/shop\/wp-json\/wp\/v2\/media\/434402"}],"wp:attachment":[{"href":"https:\/\/web2print.ro\/shop\/wp-json\/wp\/v2\/media?parent=522077"}],"wp:term":[{"taxonomy":"product_brand","embeddable":true,"href":"https:\/\/web2print.ro\/shop\/wp-json\/wp\/v2\/product_brand?post=522077"},{"taxonomy":"product_cat","embeddable":true,"href":"https:\/\/web2print.ro\/shop\/wp-json\/wp\/v2\/product_cat?post=522077"},{"taxonomy":"product_tag","embeddable":true,"href":"https:\/\/web2print.ro\/shop\/wp-json\/wp\/v2\/product_tag?post=522077"}],"curies":[{"name":"wp","href":"https:\/\/api.w.org\/{rel}","templated":true}]}}