{"id":522627,"date":"2025-06-06T12:58:34","date_gmt":"2025-06-06T09:58:34","guid":{"rendered":"https:\/\/web2print.ro\/shop\/product\/usb-metalic-8gb-cu-carabina-de-pe-stoc\/"},"modified":"2025-12-10T10:31:26","modified_gmt":"2025-12-10T08:31:26","slug":"usb-metalic-8gb-cu-carlig-de-pe-stoc","status":"publish","type":"product","link":"https:\/\/web2print.ro\/shop\/usb-metalic-8gb-cu-carlig-de-pe-stoc\/","title":{"rendered":"USB metalic, 8GB cu c\u00e2rlig de pe stoc personalizat"},"content":{"rendered":"<p>USB stick metalic cu capacitate 8GB \u015fi c\u00e2rlig.<\/p>\n<p>Dimensiune: 5,1 \u00d7 1,6 \u00d7 0,5 cm<\/p>\n<p>Greutate:\u00a00.079<\/p>\n<p>Origine: CN<\/p>\n<p>Tariff:\u00a085235110<\/p>\n","protected":false},"excerpt":{"rendered":"<p>USB stick metalic cu capacitate 8GB \u015fi c\u00e2rlig.<\/p>\n","protected":false},"featured_media":130564,"comment_status":"closed","ping_status":"open","template":"","meta":{"_joinchat":[]},"product_brand":[2754],"product_cat":[520,575,316],"product_tag":[],"class_list":{"0":"post-522627","1":"product","2":"type-product","3":"status-publish","4":"has-post-thumbnail","6":"product_brand-m-collection-ro","7":"product_cat-accesorii-birou","8":"product_cat-stick-uri-usb","9":"product_cat-tehnologie-gadgeturi","11":"first","12":"instock","13":"taxable","14":"shipping-taxable","15":"product-type-variable"},"_links":{"self":[{"href":"https:\/\/web2print.ro\/shop\/wp-json\/wp\/v2\/product\/522627","targetHints":{"allow":["GET"]}}],"collection":[{"href":"https:\/\/web2print.ro\/shop\/wp-json\/wp\/v2\/product"}],"about":[{"href":"https:\/\/web2print.ro\/shop\/wp-json\/wp\/v2\/types\/product"}],"replies":[{"embeddable":true,"href":"https:\/\/web2print.ro\/shop\/wp-json\/wp\/v2\/comments?post=522627"}],"wp:featuredmedia":[{"embeddable":true,"href":"https:\/\/web2print.ro\/shop\/wp-json\/wp\/v2\/media\/130564"}],"wp:attachment":[{"href":"https:\/\/web2print.ro\/shop\/wp-json\/wp\/v2\/media?parent=522627"}],"wp:term":[{"taxonomy":"product_brand","embeddable":true,"href":"https:\/\/web2print.ro\/shop\/wp-json\/wp\/v2\/product_brand?post=522627"},{"taxonomy":"product_cat","embeddable":true,"href":"https:\/\/web2print.ro\/shop\/wp-json\/wp\/v2\/product_cat?post=522627"},{"taxonomy":"product_tag","embeddable":true,"href":"https:\/\/web2print.ro\/shop\/wp-json\/wp\/v2\/product_tag?post=522627"}],"curies":[{"name":"wp","href":"https:\/\/api.w.org\/{rel}","templated":true}]}}